{"id":2879,"date":"2021-06-14T16:09:07","date_gmt":"2021-06-14T14:09:07","guid":{"rendered":"https:\/\/21display.com\/?page_id=2879"},"modified":"2021-12-03T13:27:42","modified_gmt":"2021-12-03T12:27:42","slug":"pixeln-von-grafiken","status":"publish","type":"page","link":"https:\/\/21display.com\/en\/tutorials\/pixeln-von-grafiken\/","title":{"rendered":"Pixels and Graphics"},"content":{"rendered":"<div data-elementor-type=\"wp-page\" data-elementor-id=\"2879\" class=\"elementor elementor-2879\">\n\t\t\t\t\t\t<section data-particle_enable=\"false\" data-particle-mobile-disabled=\"false\" class=\"elementor-section elementor-top-section elementor-element elementor-element-b1b5901 elementor-section-boxed elementor-section-height-default elementor-section-height-default\" data-id=\"b1b5901\" data-element_type=\"section\" data-settings=\"{&quot;background_background&quot;:&quot;classic&quot;}\">\n\t\t\t\t\t\t<div class=\"elementor-container elementor-column-gap-default\">\n\t\t\t\t\t<div class=\"elementor-column elementor-col-100 elementor-top-column elementor-element elementor-element-c4bb008\" data-id=\"c4bb008\" data-element_type=\"column\">\n\t\t\t<div class=\"elementor-widget-wrap\">\n\t\t\t\t\t\t\t<\/div>\n\t\t<\/div>\n\t\t\t\t\t<\/div>\n\t\t<\/section>\n\t\t\t\t<section data-particle_enable=\"false\" data-particle-mobile-disabled=\"false\" class=\"elementor-section elementor-top-section elementor-element elementor-element-86aafd1 elementor-section-boxed elementor-section-height-default elementor-section-height-default\" data-id=\"86aafd1\" data-element_type=\"section\" data-settings=\"{&quot;background_background&quot;:&quot;classic&quot;}\">\n\t\t\t\t\t\t<div class=\"elementor-container elementor-column-gap-default\">\n\t\t\t\t\t<div class=\"elementor-column elementor-col-50 elementor-top-column elementor-element elementor-element-8048935\" data-id=\"8048935\" data-element_type=\"column\">\n\t\t\t<div class=\"elementor-widget-wrap elementor-element-populated\">\n\t\t\t\t\t\t<div class=\"elementor-element elementor-element-70a35e1 elementor-widget elementor-widget-heading\" data-id=\"70a35e1\" data-element_type=\"widget\" data-widget_type=\"heading.default\">\n\t\t\t\t<div class=\"elementor-widget-container\">\n\t\t\t\t\t<h4 class=\"elementor-heading-title elementor-size-default\">Tutorial<\/h4>\t\t\t\t<\/div>\n\t\t\t\t<\/div>\n\t\t\t\t<div class=\"elementor-element elementor-element-6408a6b elementor-widget elementor-widget-heading\" data-id=\"6408a6b\" data-element_type=\"widget\" data-widget_type=\"heading.default\">\n\t\t\t\t<div class=\"elementor-widget-container\">\n\t\t\t\t\t<h3 class=\"elementor-heading-title elementor-size-default\">Pixels and Graphics<\/h3>\t\t\t\t<\/div>\n\t\t\t\t<\/div>\n\t\t\t\t<div class=\"elementor-element elementor-element-99adcc1 elementor-widget elementor-widget-heading\" data-id=\"99adcc1\" data-element_type=\"widget\" data-widget_type=\"heading.default\">\n\t\t\t\t<div class=\"elementor-widget-container\">\n\t\t\t\t\t<h5 class=\"elementor-heading-title elementor-size-default\">Abstract<\/h5>\t\t\t\t<\/div>\n\t\t\t\t<\/div>\n\t\t\t\t<div class=\"elementor-element elementor-element-dd89a42 elementor-widget__width-initial elementor-widget elementor-widget-text-editor\" data-id=\"dd89a42\" data-element_type=\"widget\" data-widget_type=\"text-editor.default\">\n\t\t\t\t<div class=\"elementor-widget-container\">\n\t\t\t\t\t\t\t\t\t<p style=\"text-align: block;\">In diesem Tutorial zeigen wir Ihnen die grundlegenden Funktionen, mit denen Sie verschiedene Grafikelemente und Texte auf dem LCD-Display darstellen k\u00f6nnen. Diese Funktionen beinhalten:<br \/>\u00a0\u00a0\u00a0 * Zeichnen von Linien<br \/>\u00a0\u00a0\u00a0 * Zeichnen von Rechtecken<br \/>\u00a0\u00a0\u00a0 * Zeichnen von Pixelgrafiken<br \/>\u00a0\u00a0\u00a0 * Schreiben von Texten<br \/>Nach dem erfolgreichen Kompilieren und Flashen des Source Codes wird nach einer kurzen Startsequenz ein blauer Hintergrund mit dem Text &#8222;Hello World!&#8220; und &#8222;I&#8217;m italic.&#8220; in roter Schrift angezeigt.<br \/>Weiterhin werden ein kleines Smiley-Icon und verschiedene Linien gezeichnet. An dem kleinen gr\u00fcnen Rechteck im Hintergrund vom &#8222;Hello World!&#8220;-Schriftzug k\u00f6nnen Sie sehen, wie sich der Text mit transparentem Hintergrund verh\u00e4lt.<\/p>\t\t\t\t\t\t\t\t<\/div>\n\t\t\t\t<\/div>\n\t\t\t\t\t<\/div>\n\t\t<\/div>\n\t\t\t\t<div class=\"elementor-column elementor-col-50 elementor-top-column elementor-element elementor-element-e019803\" data-id=\"e019803\" data-element_type=\"column\">\n\t\t\t<div class=\"elementor-widget-wrap elementor-element-populated\">\n\t\t\t\t\t\t<div class=\"elementor-element elementor-element-b089561 elementor-widget elementor-widget-image\" data-id=\"b089561\" data-element_type=\"widget\" data-widget_type=\"image.default\">\n\t\t\t\t<div class=\"elementor-widget-container\">\n\t\t\t\t\t\t\t\t\t\t\t\t\t\t\t<img fetchpriority=\"high\" decoding=\"async\" width=\"507\" height=\"382\" src=\"https:\/\/21display.com\/wp-content\/uploads\/2021\/11\/tutorial_embedded_touchscreen.jpg\" class=\"attachment-large size-large wp-image-7635\" alt=\"Tutorial Embedded Touchscreen\" srcset=\"https:\/\/21display.com\/wp-content\/uploads\/2021\/11\/tutorial_embedded_touchscreen.jpg 507w, https:\/\/21display.com\/wp-content\/uploads\/2021\/11\/tutorial_embedded_touchscreen-300x226.jpg 300w, https:\/\/21display.com\/wp-content\/uploads\/2021\/11\/tutorial_embedded_touchscreen-16x12.jpg 16w\" sizes=\"(max-width: 507px) 100vw, 507px\" \/>\t\t\t\t\t\t\t\t\t\t\t\t\t\t\t<\/div>\n\t\t\t\t<\/div>\n\t\t\t\t\t<\/div>\n\t\t<\/div>\n\t\t\t\t\t<\/div>\n\t\t<\/section>\n\t\t\t\t<section data-particle_enable=\"false\" data-particle-mobile-disabled=\"false\" class=\"elementor-section elementor-top-section elementor-element elementor-element-ec2000b elementor-section-boxed elementor-section-height-default elementor-section-height-default\" data-id=\"ec2000b\" data-element_type=\"section\">\n\t\t\t\t\t\t<div class=\"elementor-container elementor-column-gap-default\">\n\t\t\t\t\t<div class=\"elementor-column elementor-col-50 elementor-top-column elementor-element elementor-element-aca5433\" data-id=\"aca5433\" data-element_type=\"column\">\n\t\t\t<div class=\"elementor-widget-wrap elementor-element-populated\">\n\t\t\t\t\t\t<div class=\"elementor-element elementor-element-e63cf74 elementor-widget elementor-widget-heading\" data-id=\"e63cf74\" data-element_type=\"widget\" data-widget_type=\"heading.default\">\n\t\t\t\t<div class=\"elementor-widget-container\">\n\t\t\t\t\t<h5 class=\"elementor-heading-title elementor-size-default\">Technical Aspects<\/h5>\t\t\t\t<\/div>\n\t\t\t\t<\/div>\n\t\t\t\t<div class=\"elementor-element elementor-element-07ebb90 elementor-widget__width-initial elementor-widget elementor-widget-text-editor\" data-id=\"07ebb90\" data-element_type=\"widget\" data-widget_type=\"text-editor.default\">\n\t\t\t\t<div class=\"elementor-widget-container\">\n\t\t\t\t\t\t\t\t\t<p style=\"text-align: block;\" class=\"translation-block\">As you will see in the example code, the pixels of the graphics must be stored in a certain form as an array. This conversion can be carried out automatically using software. <br> We recommend the free program \"lcd-image-converter\" from riuson for this purpose. The different fonts for writing text are also generated using this tool.<\/p>\t\t\t\t\t\t\t\t<\/div>\n\t\t\t\t<\/div>\n\t\t\t\t\t<\/div>\n\t\t<\/div>\n\t\t\t\t<div class=\"elementor-column elementor-col-50 elementor-top-column elementor-element elementor-element-e76d2cf\" data-id=\"e76d2cf\" data-element_type=\"column\">\n\t\t\t<div class=\"elementor-widget-wrap elementor-element-populated\">\n\t\t\t\t\t\t<section data-particle_enable=\"false\" data-particle-mobile-disabled=\"false\" class=\"elementor-section elementor-inner-section elementor-element elementor-element-815c515 elementor-section-boxed elementor-section-height-default elementor-section-height-default\" data-id=\"815c515\" data-element_type=\"section\" data-settings=\"{&quot;background_background&quot;:&quot;classic&quot;}\">\n\t\t\t\t\t\t<div class=\"elementor-container elementor-column-gap-default\">\n\t\t\t\t\t<div class=\"elementor-column elementor-col-100 elementor-inner-column elementor-element elementor-element-fc93eb9\" data-id=\"fc93eb9\" data-element_type=\"column\" data-settings=\"{&quot;background_background&quot;:&quot;classic&quot;}\">\n\t\t\t<div class=\"elementor-widget-wrap elementor-element-populated\">\n\t\t\t\t\t\t<div class=\"elementor-element elementor-element-b6fe508 elementor-widget elementor-widget-heading\" data-id=\"b6fe508\" data-element_type=\"widget\" data-widget_type=\"heading.default\">\n\t\t\t\t<div class=\"elementor-widget-container\">\n\t\t\t\t\t<h3 class=\"elementor-heading-title elementor-size-default\">Compatibility<\/h3>\t\t\t\t<\/div>\n\t\t\t\t<\/div>\n\t\t\t\t<div class=\"elementor-element elementor-element-ea80f42 elementor-widget__width-initial elementor-widget elementor-widget-text-editor\" data-id=\"ea80f42\" data-element_type=\"widget\" data-widget_type=\"text-editor.default\">\n\t\t\t\t<div class=\"elementor-widget-container\">\n\t\t\t\t\t\t\t\t\t<p style=\"text-align: block;\">Beispiel lauff\u00e4hig auf <br \/>3.5 \/ 4.3 \/ 5.0 Zoll Display<\/p>\t\t\t\t\t\t\t\t<\/div>\n\t\t\t\t<\/div>\n\t\t\t\t\t<\/div>\n\t\t<\/div>\n\t\t\t\t\t<\/div>\n\t\t<\/section>\n\t\t\t\t\t<\/div>\n\t\t<\/div>\n\t\t\t\t\t<\/div>\n\t\t<\/section>\n\t\t\t\t<section data-particle_enable=\"false\" data-particle-mobile-disabled=\"false\" class=\"elementor-section elementor-top-section elementor-element elementor-element-2a9162a elementor-section-boxed elementor-section-height-default elementor-section-height-default\" data-id=\"2a9162a\" data-element_type=\"section\">\n\t\t\t\t\t\t<div class=\"elementor-container elementor-column-gap-default\">\n\t\t\t\t\t<div class=\"elementor-column elementor-col-100 elementor-top-column elementor-element elementor-element-6f118e6\" data-id=\"6f118e6\" data-element_type=\"column\">\n\t\t\t<div class=\"elementor-widget-wrap elementor-element-populated\">\n\t\t\t\t\t\t<div class=\"elementor-element elementor-element-cc6a68c elementor-align-center elementor-widget__width-initial elementor-widget elementor-widget-button\" data-id=\"cc6a68c\" data-element_type=\"widget\" data-widget_type=\"button.default\">\n\t\t\t\t<div class=\"elementor-widget-container\">\n\t\t\t\t\t\t\t\t\t<div class=\"elementor-button-wrapper\">\n\t\t\t\t\t<a class=\"elementor-button elementor-button-link elementor-size-sm\" href=\"https:\/\/21display.com\/wp-content\/uploads\/2021\/07\/ExamplePackage_DrawingTextAndImages_V003.pdf\">\n\t\t\t\t\t\t<span class=\"elementor-button-content-wrapper\">\n\t\t\t\t\t\t\t\t\t<span class=\"elementor-button-text\">Download Tutorial<\/span>\n\t\t\t\t\t<\/span>\n\t\t\t\t\t<\/a>\n\t\t\t\t<\/div>\n\t\t\t\t\t\t\t\t<\/div>\n\t\t\t\t<\/div>\n\t\t\t\t<div class=\"elementor-element elementor-element-a5df0de elementor-align-center elementor-widget__width-initial elementor-widget elementor-widget-button\" data-id=\"a5df0de\" data-element_type=\"widget\" data-widget_type=\"button.default\">\n\t\t\t\t<div class=\"elementor-widget-container\">\n\t\t\t\t\t\t\t\t\t<div class=\"elementor-button-wrapper\">\n\t\t\t\t\t<a class=\"elementor-button elementor-button-link elementor-size-sm\" href=\"https:\/\/21display.com\/wp-content\/uploads\/2021\/07\/ExamplePackage_DrawTextAndImages_V100.zip\">\n\t\t\t\t\t\t<span class=\"elementor-button-content-wrapper\">\n\t\t\t\t\t\t\t\t\t<span class=\"elementor-button-text\">Download Source Code<\/span>\n\t\t\t\t\t<\/span>\n\t\t\t\t\t<\/a>\n\t\t\t\t<\/div>\n\t\t\t\t\t\t\t\t<\/div>\n\t\t\t\t<\/div>\n\t\t\t\t\t<\/div>\n\t\t<\/div>\n\t\t\t\t\t<\/div>\n\t\t<\/section>\n\t\t\t\t<section data-particle_enable=\"false\" data-particle-mobile-disabled=\"false\" class=\"elementor-section elementor-top-section elementor-element elementor-element-b867887 elementor-section-boxed elementor-section-height-default elementor-section-height-default\" data-id=\"b867887\" data-element_type=\"section\" data-settings=\"{&quot;background_background&quot;:&quot;classic&quot;}\">\n\t\t\t\t\t\t<div class=\"elementor-container elementor-column-gap-default\">\n\t\t\t\t\t<div class=\"elementor-column elementor-col-50 elementor-top-column elementor-element elementor-element-20a3538\" data-id=\"20a3538\" data-element_type=\"column\">\n\t\t\t<div class=\"elementor-widget-wrap elementor-element-populated\">\n\t\t\t\t\t\t<div class=\"elementor-element elementor-element-6a2fc29 elementor-widget elementor-widget-heading\" data-id=\"6a2fc29\" data-element_type=\"widget\" data-widget_type=\"heading.default\">\n\t\t\t\t<div class=\"elementor-widget-container\">\n\t\t\t\t\t<h4 class=\"elementor-heading-title elementor-size-default\">Contact<\/h4>\t\t\t\t<\/div>\n\t\t\t\t<\/div>\n\t\t\t\t<div class=\"elementor-element elementor-element-810bffe elementor-widget elementor-widget-heading\" data-id=\"810bffe\" data-element_type=\"widget\" data-widget_type=\"heading.default\">\n\t\t\t\t<div class=\"elementor-widget-container\">\n\t\t\t\t\t<h1 class=\"elementor-heading-title elementor-size-default\">How Can We Support You?\n<\/h1>\t\t\t\t<\/div>\n\t\t\t\t<\/div>\n\t\t\t\t<div class=\"elementor-element elementor-element-de127cb elementor-widget elementor-widget-text-editor\" data-id=\"de127cb\" data-element_type=\"widget\" data-widget_type=\"text-editor.default\">\n\t\t\t\t<div class=\"elementor-widget-container\">\n\t\t\t\t\t\t\t\t\t<p>Sie w\u00fcnschen sich ein ganz spezielles Beispiel oder eine Schulung? Verlieren Sie keine Zeit und nehmen Sie mit uns Kontakt auf unter 08142\/305050.<\/p>\t\t\t\t\t\t\t\t<\/div>\n\t\t\t\t<\/div>\n\t\t\t\t\t<\/div>\n\t\t<\/div>\n\t\t\t\t<div class=\"elementor-column elementor-col-50 elementor-top-column elementor-element elementor-element-28bcaa7\" data-id=\"28bcaa7\" data-element_type=\"column\">\n\t\t\t<div class=\"elementor-widget-wrap elementor-element-populated\">\n\t\t\t\t\t\t<div class=\"elementor-element elementor-element-1f5386a elementor-align-center elementor-widget__width-initial elementor-widget elementor-widget-button\" data-id=\"1f5386a\" data-element_type=\"widget\" data-widget_type=\"button.default\">\n\t\t\t\t<div class=\"elementor-widget-container\">\n\t\t\t\t\t\t\t\t\t<div class=\"elementor-button-wrapper\">\n\t\t\t\t\t<a class=\"elementor-button elementor-button-link elementor-size-sm\" href=\"https:\/\/21display.com\/en\/company\/\">\n\t\t\t\t\t\t<span class=\"elementor-button-content-wrapper\">\n\t\t\t\t\t\t\t\t\t<span class=\"elementor-button-text\">Contact Us<\/span>\n\t\t\t\t\t<\/span>\n\t\t\t\t\t<\/a>\n\t\t\t\t<\/div>\n\t\t\t\t\t\t\t\t<\/div>\n\t\t\t\t<\/div>\n\t\t\t\t\t<\/div>\n\t\t<\/div>\n\t\t\t\t\t<\/div>\n\t\t<\/section>\n\t\t\t\t<\/div>","protected":false},"excerpt":{"rendered":"<p>Anleitung Pixeln von Grafiken Beschreibung In diesem Tutorial zeigen wir Ihnen die grundlegenden Funktionen, mit denen Sie verschiedene Grafikelemente und Texte auf dem LCD-Display darstellen k\u00f6nnen. Diese Funktionen beinhalten:\u00a0\u00a0\u00a0 * Zeichnen von Linien\u00a0\u00a0\u00a0 * Zeichnen von Rechtecken\u00a0\u00a0\u00a0 * Zeichnen von Pixelgrafiken\u00a0\u00a0\u00a0 * Schreiben von TextenNach dem erfolgreichen Kompilieren und Flashen des Source Codes wird nach [&hellip;]<\/p>","protected":false},"author":1,"featured_media":0,"parent":2869,"menu_order":0,"comment_status":"closed","ping_status":"closed","template":"","meta":{"inline_featured_image":false,"footnotes":""},"yoast_head":"<!-- This site is optimized with the Yoast SEO plugin v22.7 - https:\/\/yoast.com\/wordpress\/plugins\/seo\/ -->\n<title>Pixeln von Grafiken | 21Display<\/title>\n<meta name=\"description\" content=\"Elektronik-Entwicklung - passgenau und individuell f\u00fcr Ihr Steuerger\u00e4t. Entwicklung und Fertigung unter einem Dach.\" \/>\n<meta name=\"robots\" content=\"index, follow, max-snippet:-1, max-image-preview:large, max-video-preview:-1\" \/>\n<link rel=\"canonical\" href=\"https:\/\/21display.com\/en\/tutorials\/pixeln-von-grafiken\/\" \/>\n<meta property=\"og:locale\" content=\"en_US\" \/>\n<meta property=\"og:type\" content=\"article\" \/>\n<meta property=\"og:title\" content=\"Pixeln von Grafiken | 21Display\" \/>\n<meta property=\"og:description\" content=\"Elektronik-Entwicklung - passgenau und individuell f\u00fcr Ihr Steuerger\u00e4t. Entwicklung und Fertigung unter einem Dach.\" \/>\n<meta property=\"og:url\" content=\"https:\/\/21display.com\/en\/tutorials\/pixeln-von-grafiken\/\" \/>\n<meta property=\"og:site_name\" content=\"21Display\" \/>\n<meta property=\"article:modified_time\" content=\"2021-12-03T12:27:42+00:00\" \/>\n<meta property=\"og:image\" content=\"https:\/\/21display.com\/wp-content\/uploads\/2021\/11\/tutorial_embedded_touchscreen.jpg\" \/>\n<meta name=\"twitter:card\" content=\"summary_large_image\" \/>\n<meta name=\"twitter:label1\" content=\"Est. reading time\" \/>\n\t<meta name=\"twitter:data1\" content=\"1 minute\" \/>\n<script type=\"application\/ld+json\" class=\"yoast-schema-graph\">{\"@context\":\"https:\/\/schema.org\",\"@graph\":[{\"@type\":\"WebPage\",\"@id\":\"https:\/\/21display.com\/en\/tutorials\/pixeln-von-grafiken\/\",\"url\":\"https:\/\/21display.com\/en\/tutorials\/pixeln-von-grafiken\/\",\"name\":\"Pixeln von Grafiken | 21Display\",\"isPartOf\":{\"@id\":\"https:\/\/21display.com\/de\/#website\"},\"primaryImageOfPage\":{\"@id\":\"https:\/\/21display.com\/en\/tutorials\/pixeln-von-grafiken\/#primaryimage\"},\"image\":{\"@id\":\"https:\/\/21display.com\/en\/tutorials\/pixeln-von-grafiken\/#primaryimage\"},\"thumbnailUrl\":\"https:\/\/21display.com\/wp-content\/uploads\/2021\/11\/tutorial_embedded_touchscreen.jpg\",\"datePublished\":\"2021-06-14T14:09:07+00:00\",\"dateModified\":\"2021-12-03T12:27:42+00:00\",\"description\":\"Elektronik-Entwicklung - passgenau und individuell f\u00fcr Ihr Steuerger\u00e4t. Entwicklung und Fertigung unter einem Dach.\",\"breadcrumb\":{\"@id\":\"https:\/\/21display.com\/en\/tutorials\/pixeln-von-grafiken\/#breadcrumb\"},\"inLanguage\":\"en-US\",\"potentialAction\":[{\"@type\":\"ReadAction\",\"target\":[\"https:\/\/21display.com\/en\/tutorials\/pixeln-von-grafiken\/\"]}]},{\"@type\":\"ImageObject\",\"inLanguage\":\"en-US\",\"@id\":\"https:\/\/21display.com\/en\/tutorials\/pixeln-von-grafiken\/#primaryimage\",\"url\":\"https:\/\/21display.com\/wp-content\/uploads\/2021\/11\/tutorial_embedded_touchscreen.jpg\",\"contentUrl\":\"https:\/\/21display.com\/wp-content\/uploads\/2021\/11\/tutorial_embedded_touchscreen.jpg\"},{\"@type\":\"BreadcrumbList\",\"@id\":\"https:\/\/21display.com\/en\/tutorials\/pixeln-von-grafiken\/#breadcrumb\",\"itemListElement\":[{\"@type\":\"ListItem\",\"position\":1,\"name\":\"Startseite\",\"item\":\"https:\/\/21display.com\/de\/\"},{\"@type\":\"ListItem\",\"position\":2,\"name\":\"Tutorials\",\"item\":\"https:\/\/21display.com\/de\/tutorials\/\"},{\"@type\":\"ListItem\",\"position\":3,\"name\":\"Pixeln von Grafiken\"}]},{\"@type\":\"WebSite\",\"@id\":\"https:\/\/21display.com\/de\/#website\",\"url\":\"https:\/\/21display.com\/de\/\",\"name\":\"21Display\",\"description\":\"powered by EBS-Systart\",\"publisher\":{\"@id\":\"https:\/\/21display.com\/de\/#organization\"},\"potentialAction\":[{\"@type\":\"SearchAction\",\"target\":{\"@type\":\"EntryPoint\",\"urlTemplate\":\"https:\/\/21display.com\/de\/?s={search_term_string}\"},\"query-input\":\"required name=search_term_string\"}],\"inLanguage\":\"en-US\"},{\"@type\":\"Organization\",\"@id\":\"https:\/\/21display.com\/de\/#organization\",\"name\":\"21Display\",\"url\":\"https:\/\/21display.com\/de\/\",\"logo\":{\"@type\":\"ImageObject\",\"inLanguage\":\"en-US\",\"@id\":\"https:\/\/21display.com\/de\/#\/schema\/logo\/image\/\",\"url\":\"https:\/\/21display.com\/wp-content\/uploads\/2021\/03\/IL_Systart_21Display_Logo_20210302.svg\",\"contentUrl\":\"https:\/\/21display.com\/wp-content\/uploads\/2021\/03\/IL_Systart_21Display_Logo_20210302.svg\",\"width\":\"1024\",\"height\":\"1024\",\"caption\":\"21Display\"},\"image\":{\"@id\":\"https:\/\/21display.com\/de\/#\/schema\/logo\/image\/\"}}]}<\/script>\n<!-- \/ Yoast SEO plugin. -->","yoast_head_json":{"title":"Pixeln von Grafiken | 21Display","description":"Elektronik-Entwicklung - passgenau und individuell f\u00fcr Ihr Steuerger\u00e4t. Entwicklung und Fertigung unter einem Dach.","robots":{"index":"index","follow":"follow","max-snippet":"max-snippet:-1","max-image-preview":"max-image-preview:large","max-video-preview":"max-video-preview:-1"},"canonical":"https:\/\/21display.com\/en\/tutorials\/pixeln-von-grafiken\/","og_locale":"en_US","og_type":"article","og_title":"Pixeln von Grafiken | 21Display","og_description":"Elektronik-Entwicklung - passgenau und individuell f\u00fcr Ihr Steuerger\u00e4t. Entwicklung und Fertigung unter einem Dach.","og_url":"https:\/\/21display.com\/en\/tutorials\/pixeln-von-grafiken\/","og_site_name":"21Display","article_modified_time":"2021-12-03T12:27:42+00:00","og_image":[{"url":"https:\/\/21display.com\/wp-content\/uploads\/2021\/11\/tutorial_embedded_touchscreen.jpg"}],"twitter_card":"summary_large_image","twitter_misc":{"Est. reading time":"1 minute"},"schema":{"@context":"https:\/\/schema.org","@graph":[{"@type":"WebPage","@id":"https:\/\/21display.com\/en\/tutorials\/pixeln-von-grafiken\/","url":"https:\/\/21display.com\/en\/tutorials\/pixeln-von-grafiken\/","name":"Pixeln von Grafiken | 21Display","isPartOf":{"@id":"https:\/\/21display.com\/de\/#website"},"primaryImageOfPage":{"@id":"https:\/\/21display.com\/en\/tutorials\/pixeln-von-grafiken\/#primaryimage"},"image":{"@id":"https:\/\/21display.com\/en\/tutorials\/pixeln-von-grafiken\/#primaryimage"},"thumbnailUrl":"https:\/\/21display.com\/wp-content\/uploads\/2021\/11\/tutorial_embedded_touchscreen.jpg","datePublished":"2021-06-14T14:09:07+00:00","dateModified":"2021-12-03T12:27:42+00:00","description":"Elektronik-Entwicklung - passgenau und individuell f\u00fcr Ihr Steuerger\u00e4t. Entwicklung und Fertigung unter einem Dach.","breadcrumb":{"@id":"https:\/\/21display.com\/en\/tutorials\/pixeln-von-grafiken\/#breadcrumb"},"inLanguage":"en-US","potentialAction":[{"@type":"ReadAction","target":["https:\/\/21display.com\/en\/tutorials\/pixeln-von-grafiken\/"]}]},{"@type":"ImageObject","inLanguage":"en-US","@id":"https:\/\/21display.com\/en\/tutorials\/pixeln-von-grafiken\/#primaryimage","url":"https:\/\/21display.com\/wp-content\/uploads\/2021\/11\/tutorial_embedded_touchscreen.jpg","contentUrl":"https:\/\/21display.com\/wp-content\/uploads\/2021\/11\/tutorial_embedded_touchscreen.jpg"},{"@type":"BreadcrumbList","@id":"https:\/\/21display.com\/en\/tutorials\/pixeln-von-grafiken\/#breadcrumb","itemListElement":[{"@type":"ListItem","position":1,"name":"Startseite","item":"https:\/\/21display.com\/de\/"},{"@type":"ListItem","position":2,"name":"Tutorials","item":"https:\/\/21display.com\/de\/tutorials\/"},{"@type":"ListItem","position":3,"name":"Pixeln von Grafiken"}]},{"@type":"WebSite","@id":"https:\/\/21display.com\/de\/#website","url":"https:\/\/21display.com\/de\/","name":"21Display","description":"powered by EBS-Systart","publisher":{"@id":"https:\/\/21display.com\/de\/#organization"},"potentialAction":[{"@type":"SearchAction","target":{"@type":"EntryPoint","urlTemplate":"https:\/\/21display.com\/de\/?s={search_term_string}"},"query-input":"required name=search_term_string"}],"inLanguage":"en-US"},{"@type":"Organization","@id":"https:\/\/21display.com\/de\/#organization","name":"21Display","url":"https:\/\/21display.com\/de\/","logo":{"@type":"ImageObject","inLanguage":"en-US","@id":"https:\/\/21display.com\/de\/#\/schema\/logo\/image\/","url":"https:\/\/21display.com\/wp-content\/uploads\/2021\/03\/IL_Systart_21Display_Logo_20210302.svg","contentUrl":"https:\/\/21display.com\/wp-content\/uploads\/2021\/03\/IL_Systart_21Display_Logo_20210302.svg","width":"1024","height":"1024","caption":"21Display"},"image":{"@id":"https:\/\/21display.com\/de\/#\/schema\/logo\/image\/"}}]}},"_links":{"self":[{"href":"https:\/\/21display.com\/en\/wp-json\/wp\/v2\/pages\/2879"}],"collection":[{"href":"https:\/\/21display.com\/en\/wp-json\/wp\/v2\/pages"}],"about":[{"href":"https:\/\/21display.com\/en\/wp-json\/wp\/v2\/types\/page"}],"author":[{"embeddable":true,"href":"https:\/\/21display.com\/en\/wp-json\/wp\/v2\/users\/1"}],"replies":[{"embeddable":true,"href":"https:\/\/21display.com\/en\/wp-json\/wp\/v2\/comments?post=2879"}],"version-history":[{"count":3,"href":"https:\/\/21display.com\/en\/wp-json\/wp\/v2\/pages\/2879\/revisions"}],"predecessor-version":[{"id":7750,"href":"https:\/\/21display.com\/en\/wp-json\/wp\/v2\/pages\/2879\/revisions\/7750"}],"up":[{"embeddable":true,"href":"https:\/\/21display.com\/en\/wp-json\/wp\/v2\/pages\/2869"}],"wp:attachment":[{"href":"https:\/\/21display.com\/en\/wp-json\/wp\/v2\/media?parent=2879"}],"curies":[{"name":"wp","href":"https:\/\/api.w.org\/{rel}","templated":true}]}}