{"id":2877,"date":"2021-06-14T16:04:20","date_gmt":"2021-06-14T14:04:20","guid":{"rendered":"https:\/\/21display.com\/?page_id=2877"},"modified":"2021-12-03T13:30:22","modified_gmt":"2021-12-03T12:30:22","slug":"digitaler-bilderrahmen","status":"publish","type":"page","link":"https:\/\/21display.com\/en\/tutorials\/digitaler-bilderrahmen\/","title":{"rendered":"Digital Picture Frame"},"content":{"rendered":"<div data-elementor-type=\"wp-page\" data-elementor-id=\"2877\" class=\"elementor elementor-2877\">\n\t\t\t\t\t\t<section data-particle_enable=\"false\" data-particle-mobile-disabled=\"false\" class=\"elementor-section elementor-top-section elementor-element elementor-element-b1b5901 elementor-section-boxed elementor-section-height-default elementor-section-height-default\" data-id=\"b1b5901\" data-element_type=\"section\" data-settings=\"{&quot;background_background&quot;:&quot;classic&quot;}\">\n\t\t\t\t\t\t<div class=\"elementor-container elementor-column-gap-default\">\n\t\t\t\t\t<div class=\"elementor-column elementor-col-100 elementor-top-column elementor-element elementor-element-c4bb008\" data-id=\"c4bb008\" data-element_type=\"column\">\n\t\t\t<div class=\"elementor-widget-wrap\">\n\t\t\t\t\t\t\t<\/div>\n\t\t<\/div>\n\t\t\t\t\t<\/div>\n\t\t<\/section>\n\t\t\t\t<section data-particle_enable=\"false\" data-particle-mobile-disabled=\"false\" class=\"elementor-section elementor-top-section elementor-element elementor-element-9a1946c elementor-section-boxed elementor-section-height-default elementor-section-height-default\" data-id=\"9a1946c\" data-element_type=\"section\" data-settings=\"{&quot;background_background&quot;:&quot;classic&quot;}\">\n\t\t\t\t\t\t<div class=\"elementor-container elementor-column-gap-default\">\n\t\t\t\t\t<div class=\"elementor-column elementor-col-50 elementor-top-column elementor-element elementor-element-3d703e8\" data-id=\"3d703e8\" data-element_type=\"column\">\n\t\t\t<div class=\"elementor-widget-wrap elementor-element-populated\">\n\t\t\t\t\t\t<div class=\"elementor-element elementor-element-ba6588b elementor-widget elementor-widget-heading\" data-id=\"ba6588b\" data-element_type=\"widget\" data-widget_type=\"heading.default\">\n\t\t\t\t<div class=\"elementor-widget-container\">\n\t\t\t\t\t<h4 class=\"elementor-heading-title elementor-size-default\">Tutorial<\/h4>\t\t\t\t<\/div>\n\t\t\t\t<\/div>\n\t\t\t\t<div class=\"elementor-element elementor-element-bae6a7f elementor-widget elementor-widget-heading\" data-id=\"bae6a7f\" data-element_type=\"widget\" data-widget_type=\"heading.default\">\n\t\t\t\t<div class=\"elementor-widget-container\">\n\t\t\t\t\t<h3 class=\"elementor-heading-title elementor-size-default\">Digital Picture Frame<\/h3>\t\t\t\t<\/div>\n\t\t\t\t<\/div>\n\t\t\t\t<div class=\"elementor-element elementor-element-9ee0268 elementor-widget elementor-widget-heading\" data-id=\"9ee0268\" data-element_type=\"widget\" data-widget_type=\"heading.default\">\n\t\t\t\t<div class=\"elementor-widget-container\">\n\t\t\t\t\t<h5 class=\"elementor-heading-title elementor-size-default\">Abstract<\/h5>\t\t\t\t<\/div>\n\t\t\t\t<\/div>\n\t\t\t\t<div class=\"elementor-element elementor-element-e4579c8 elementor-widget__width-initial elementor-widget elementor-widget-text-editor\" data-id=\"e4579c8\" data-element_type=\"widget\" data-widget_type=\"text-editor.default\">\n\t\t\t\t<div class=\"elementor-widget-container\">\n\t\t\t\t\t\t\t\t\t<p style=\"text-align: block;\">Dieses Tutorial zeigt auf, wie Sie das Display Board als digitalen Bilderrahmen nutzen k\u00f6nnen. Daf\u00fcr ben\u00f6tigen Sie eine microSD-Karte, welche die gew\u00fcnschten Bilder im JPEG-Format beinhaltet. <br \/>Nach dem erfolgreichen Kompilieren und Flashen des Source Codes werden nach einer kurzen Startsequenz die Bilder auf der microSD-Karte nacheinander auf dem Display dargestellt. Dies erfolgt in einer Dauerschleife.<\/p>\t\t\t\t\t\t\t\t<\/div>\n\t\t\t\t<\/div>\n\t\t\t\t\t<\/div>\n\t\t<\/div>\n\t\t\t\t<div class=\"elementor-column elementor-col-50 elementor-top-column elementor-element elementor-element-6d4c3ae\" data-id=\"6d4c3ae\" data-element_type=\"column\">\n\t\t\t<div class=\"elementor-widget-wrap elementor-element-populated\">\n\t\t\t\t\t\t<div class=\"elementor-element elementor-element-5caf6ae elementor-widget elementor-widget-image\" data-id=\"5caf6ae\" data-element_type=\"widget\" data-widget_type=\"image.default\">\n\t\t\t\t<div class=\"elementor-widget-container\">\n\t\t\t\t\t\t\t\t\t\t\t\t\t\t\t<img fetchpriority=\"high\" decoding=\"async\" width=\"507\" height=\"382\" src=\"https:\/\/21display.com\/wp-content\/uploads\/2021\/11\/tutorial_embedded_touchscreen.jpg\" class=\"attachment-large size-large wp-image-7635\" alt=\"Tutorial Embedded Touchscreen\" srcset=\"https:\/\/21display.com\/wp-content\/uploads\/2021\/11\/tutorial_embedded_touchscreen.jpg 507w, https:\/\/21display.com\/wp-content\/uploads\/2021\/11\/tutorial_embedded_touchscreen-300x226.jpg 300w, https:\/\/21display.com\/wp-content\/uploads\/2021\/11\/tutorial_embedded_touchscreen-16x12.jpg 16w\" sizes=\"(max-width: 507px) 100vw, 507px\" \/>\t\t\t\t\t\t\t\t\t\t\t\t\t\t\t<\/div>\n\t\t\t\t<\/div>\n\t\t\t\t\t<\/div>\n\t\t<\/div>\n\t\t\t\t\t<\/div>\n\t\t<\/section>\n\t\t\t\t<section data-particle_enable=\"false\" data-particle-mobile-disabled=\"false\" class=\"elementor-section elementor-top-section elementor-element elementor-element-892503d elementor-section-boxed elementor-section-height-default elementor-section-height-default\" data-id=\"892503d\" data-element_type=\"section\">\n\t\t\t\t\t\t<div class=\"elementor-container elementor-column-gap-default\">\n\t\t\t\t\t<div class=\"elementor-column elementor-col-50 elementor-top-column elementor-element elementor-element-e07897a\" data-id=\"e07897a\" data-element_type=\"column\">\n\t\t\t<div class=\"elementor-widget-wrap elementor-element-populated\">\n\t\t\t\t\t\t<div class=\"elementor-element elementor-element-6b8cd18 elementor-widget elementor-widget-heading\" data-id=\"6b8cd18\" data-element_type=\"widget\" data-widget_type=\"heading.default\">\n\t\t\t\t<div class=\"elementor-widget-container\">\n\t\t\t\t\t<h5 class=\"elementor-heading-title elementor-size-default\">Technical Aspects<\/h5>\t\t\t\t<\/div>\n\t\t\t\t<\/div>\n\t\t\t\t<div class=\"elementor-element elementor-element-629eb01 elementor-widget__width-initial elementor-widget elementor-widget-text-editor\" data-id=\"629eb01\" data-element_type=\"widget\" data-widget_type=\"text-editor.default\">\n\t\t\t\t<div class=\"elementor-widget-container\">\n\t\t\t\t\t\t\t\t\t<p style=\"text-align: block;\">The SD card is first searched for JPEGs. The free FatFs library from ELM-Chan with extensions from Tilen Majerle is used to edit the file system on the SD card. The images found are then decoded one after the other and shown on the display. The free library LibJPEG is used to decode the JPEGs.<\/p>\t\t\t\t\t\t\t\t<\/div>\n\t\t\t\t<\/div>\n\t\t\t\t\t<\/div>\n\t\t<\/div>\n\t\t\t\t<div class=\"elementor-column elementor-col-50 elementor-top-column elementor-element elementor-element-ba1f591\" data-id=\"ba1f591\" data-element_type=\"column\">\n\t\t\t<div class=\"elementor-widget-wrap elementor-element-populated\">\n\t\t\t\t\t\t<section data-particle_enable=\"false\" data-particle-mobile-disabled=\"false\" class=\"elementor-section elementor-inner-section elementor-element elementor-element-65ee69c elementor-section-boxed elementor-section-height-default elementor-section-height-default\" data-id=\"65ee69c\" data-element_type=\"section\" data-settings=\"{&quot;background_background&quot;:&quot;classic&quot;}\">\n\t\t\t\t\t\t<div class=\"elementor-container elementor-column-gap-default\">\n\t\t\t\t\t<div class=\"elementor-column elementor-col-100 elementor-inner-column elementor-element elementor-element-1b27210\" data-id=\"1b27210\" data-element_type=\"column\" data-settings=\"{&quot;background_background&quot;:&quot;classic&quot;}\">\n\t\t\t<div class=\"elementor-widget-wrap elementor-element-populated\">\n\t\t\t\t\t\t<div class=\"elementor-element elementor-element-99dcbd2 elementor-widget elementor-widget-heading\" data-id=\"99dcbd2\" data-element_type=\"widget\" data-widget_type=\"heading.default\">\n\t\t\t\t<div class=\"elementor-widget-container\">\n\t\t\t\t\t<h3 class=\"elementor-heading-title elementor-size-default\">Compatibility<\/h3>\t\t\t\t<\/div>\n\t\t\t\t<\/div>\n\t\t\t\t<div class=\"elementor-element elementor-element-f7d2912 elementor-widget__width-initial elementor-widget elementor-widget-text-editor\" data-id=\"f7d2912\" data-element_type=\"widget\" data-widget_type=\"text-editor.default\">\n\t\t\t\t<div class=\"elementor-widget-container\">\n\t\t\t\t\t\t\t\t\t<p style=\"text-align: block;\">Beispiel lauff\u00e4hig auf <br \/>3.5 \/ 4.3 \/ 5.0 Zoll Display<\/p>\t\t\t\t\t\t\t\t<\/div>\n\t\t\t\t<\/div>\n\t\t\t\t\t<\/div>\n\t\t<\/div>\n\t\t\t\t\t<\/div>\n\t\t<\/section>\n\t\t\t\t\t<\/div>\n\t\t<\/div>\n\t\t\t\t\t<\/div>\n\t\t<\/section>\n\t\t\t\t<section data-particle_enable=\"false\" data-particle-mobile-disabled=\"false\" class=\"elementor-section elementor-top-section elementor-element elementor-element-5aff243 elementor-section-boxed elementor-section-height-default elementor-section-height-default\" data-id=\"5aff243\" data-element_type=\"section\">\n\t\t\t\t\t\t<div class=\"elementor-container elementor-column-gap-default\">\n\t\t\t\t\t<div class=\"elementor-column elementor-col-100 elementor-top-column elementor-element elementor-element-f48242f\" data-id=\"f48242f\" data-element_type=\"column\">\n\t\t\t<div class=\"elementor-widget-wrap elementor-element-populated\">\n\t\t\t\t\t\t<div class=\"elementor-element elementor-element-9011d70 elementor-align-center elementor-widget__width-initial elementor-widget elementor-widget-button\" data-id=\"9011d70\" data-element_type=\"widget\" data-widget_type=\"button.default\">\n\t\t\t\t<div class=\"elementor-widget-container\">\n\t\t\t\t\t\t\t\t\t<div class=\"elementor-button-wrapper\">\n\t\t\t\t\t<a class=\"elementor-button elementor-button-link elementor-size-sm\" href=\"https:\/\/21display.com\/wp-content\/uploads\/2021\/07\/ExamplePackage_DigitalPictureFrame_V004.pdf\">\n\t\t\t\t\t\t<span class=\"elementor-button-content-wrapper\">\n\t\t\t\t\t\t\t\t\t<span class=\"elementor-button-text\">Download Tutorial<\/span>\n\t\t\t\t\t<\/span>\n\t\t\t\t\t<\/a>\n\t\t\t\t<\/div>\n\t\t\t\t\t\t\t\t<\/div>\n\t\t\t\t<\/div>\n\t\t\t\t<div class=\"elementor-element elementor-element-0175a99 elementor-align-center elementor-widget__width-initial elementor-widget elementor-widget-button\" data-id=\"0175a99\" data-element_type=\"widget\" data-widget_type=\"button.default\">\n\t\t\t\t<div class=\"elementor-widget-container\">\n\t\t\t\t\t\t\t\t\t<div class=\"elementor-button-wrapper\">\n\t\t\t\t\t<a class=\"elementor-button elementor-button-link elementor-size-sm\" href=\"https:\/\/21display.com\/wp-content\/uploads\/2021\/07\/ExamplePackage_DigitalPictureFrame_V100.zip\">\n\t\t\t\t\t\t<span class=\"elementor-button-content-wrapper\">\n\t\t\t\t\t\t\t\t\t<span class=\"elementor-button-text\">Download Source Code<\/span>\n\t\t\t\t\t<\/span>\n\t\t\t\t\t<\/a>\n\t\t\t\t<\/div>\n\t\t\t\t\t\t\t\t<\/div>\n\t\t\t\t<\/div>\n\t\t\t\t\t<\/div>\n\t\t<\/div>\n\t\t\t\t\t<\/div>\n\t\t<\/section>\n\t\t\t\t<section data-particle_enable=\"false\" data-particle-mobile-disabled=\"false\" class=\"elementor-section elementor-top-section elementor-element elementor-element-8887ecc elementor-section-boxed elementor-section-height-default elementor-section-height-default\" data-id=\"8887ecc\" data-element_type=\"section\" data-settings=\"{&quot;background_background&quot;:&quot;classic&quot;}\">\n\t\t\t\t\t\t<div class=\"elementor-container elementor-column-gap-default\">\n\t\t\t\t\t<div class=\"elementor-column elementor-col-50 elementor-top-column elementor-element elementor-element-345190e\" data-id=\"345190e\" data-element_type=\"column\">\n\t\t\t<div class=\"elementor-widget-wrap elementor-element-populated\">\n\t\t\t\t\t\t<div class=\"elementor-element elementor-element-55f951f elementor-widget elementor-widget-heading\" data-id=\"55f951f\" data-element_type=\"widget\" data-widget_type=\"heading.default\">\n\t\t\t\t<div class=\"elementor-widget-container\">\n\t\t\t\t\t<h4 class=\"elementor-heading-title elementor-size-default\">Contact<\/h4>\t\t\t\t<\/div>\n\t\t\t\t<\/div>\n\t\t\t\t<div class=\"elementor-element elementor-element-96ad8bb elementor-widget elementor-widget-heading\" data-id=\"96ad8bb\" data-element_type=\"widget\" data-widget_type=\"heading.default\">\n\t\t\t\t<div class=\"elementor-widget-container\">\n\t\t\t\t\t<h1 class=\"elementor-heading-title elementor-size-default\">How Can We Support You?\n<\/h1>\t\t\t\t<\/div>\n\t\t\t\t<\/div>\n\t\t\t\t<div class=\"elementor-element elementor-element-38ee719 elementor-widget elementor-widget-text-editor\" data-id=\"38ee719\" data-element_type=\"widget\" data-widget_type=\"text-editor.default\">\n\t\t\t\t<div class=\"elementor-widget-container\">\n\t\t\t\t\t\t\t\t\t<p>Sie w\u00fcnschen sich ein ganz spezielles Beispiel oder eine Schulung? Verlieren Sie keine Zeit und nehmen Sie mit uns Kontakt auf unter 08142\/305050.<\/p>\t\t\t\t\t\t\t\t<\/div>\n\t\t\t\t<\/div>\n\t\t\t\t\t<\/div>\n\t\t<\/div>\n\t\t\t\t<div class=\"elementor-column elementor-col-50 elementor-top-column elementor-element elementor-element-bc9a745\" data-id=\"bc9a745\" data-element_type=\"column\">\n\t\t\t<div class=\"elementor-widget-wrap elementor-element-populated\">\n\t\t\t\t\t\t<div class=\"elementor-element elementor-element-938d92d elementor-align-center elementor-widget__width-initial elementor-widget elementor-widget-button\" data-id=\"938d92d\" data-element_type=\"widget\" data-widget_type=\"button.default\">\n\t\t\t\t<div class=\"elementor-widget-container\">\n\t\t\t\t\t\t\t\t\t<div class=\"elementor-button-wrapper\">\n\t\t\t\t\t<a class=\"elementor-button elementor-button-link elementor-size-sm\" href=\"https:\/\/21display.com\/en\/company\/\">\n\t\t\t\t\t\t<span class=\"elementor-button-content-wrapper\">\n\t\t\t\t\t\t\t\t\t<span class=\"elementor-button-text\">Contact Us<\/span>\n\t\t\t\t\t<\/span>\n\t\t\t\t\t<\/a>\n\t\t\t\t<\/div>\n\t\t\t\t\t\t\t\t<\/div>\n\t\t\t\t<\/div>\n\t\t\t\t\t<\/div>\n\t\t<\/div>\n\t\t\t\t\t<\/div>\n\t\t<\/section>\n\t\t\t\t<\/div>","protected":false},"excerpt":{"rendered":"<p>Anleitung Digitaler Bilderrahmen\u200b Beschreibung Dieses Tutorial zeigt auf, wie Sie das Display Board als digitalen Bilderrahmen nutzen k\u00f6nnen. Daf\u00fcr ben\u00f6tigen Sie eine microSD-Karte, welche die gew\u00fcnschten Bilder im JPEG-Format beinhaltet. Nach dem erfolgreichen Kompilieren und Flashen des Source Codes werden nach einer kurzen Startsequenz die Bilder auf der microSD-Karte nacheinander auf dem Display dargestellt. Dies [&hellip;]<\/p>","protected":false},"author":1,"featured_media":0,"parent":2869,"menu_order":0,"comment_status":"closed","ping_status":"closed","template":"","meta":{"inline_featured_image":false,"footnotes":""},"yoast_head":"<!-- This site is optimized with the Yoast SEO plugin v22.7 - https:\/\/yoast.com\/wordpress\/plugins\/seo\/ -->\n<title>Digitaler Bilderrahmen | 21Display<\/title>\n<meta name=\"description\" content=\"Elektronik-Entwicklung - passgenau und individuell f\u00fcr Ihr Steuerger\u00e4t. Entwicklung und Fertigung unter einem Dach.\" \/>\n<meta name=\"robots\" content=\"index, follow, max-snippet:-1, max-image-preview:large, max-video-preview:-1\" \/>\n<link rel=\"canonical\" href=\"https:\/\/21display.com\/en\/tutorials\/digitaler-bilderrahmen\/\" \/>\n<meta property=\"og:locale\" content=\"en_US\" \/>\n<meta property=\"og:type\" content=\"article\" \/>\n<meta property=\"og:title\" content=\"Digitaler Bilderrahmen | 21Display\" \/>\n<meta property=\"og:description\" content=\"Elektronik-Entwicklung - passgenau und individuell f\u00fcr Ihr Steuerger\u00e4t. Entwicklung und Fertigung unter einem Dach.\" \/>\n<meta property=\"og:url\" content=\"https:\/\/21display.com\/en\/tutorials\/digitaler-bilderrahmen\/\" \/>\n<meta property=\"og:site_name\" content=\"21Display\" \/>\n<meta property=\"article:modified_time\" content=\"2021-12-03T12:30:22+00:00\" \/>\n<meta property=\"og:image\" content=\"https:\/\/21display.com\/wp-content\/uploads\/2021\/11\/tutorial_embedded_touchscreen.jpg\" \/>\n<meta name=\"twitter:card\" content=\"summary_large_image\" \/>\n<meta name=\"twitter:label1\" content=\"Est. reading time\" \/>\n\t<meta name=\"twitter:data1\" content=\"1 minute\" \/>\n<script type=\"application\/ld+json\" class=\"yoast-schema-graph\">{\"@context\":\"https:\/\/schema.org\",\"@graph\":[{\"@type\":\"WebPage\",\"@id\":\"https:\/\/21display.com\/en\/tutorials\/digitaler-bilderrahmen\/\",\"url\":\"https:\/\/21display.com\/en\/tutorials\/digitaler-bilderrahmen\/\",\"name\":\"Digitaler Bilderrahmen | 21Display\",\"isPartOf\":{\"@id\":\"https:\/\/21display.com\/de\/#website\"},\"primaryImageOfPage\":{\"@id\":\"https:\/\/21display.com\/en\/tutorials\/digitaler-bilderrahmen\/#primaryimage\"},\"image\":{\"@id\":\"https:\/\/21display.com\/en\/tutorials\/digitaler-bilderrahmen\/#primaryimage\"},\"thumbnailUrl\":\"https:\/\/21display.com\/wp-content\/uploads\/2021\/11\/tutorial_embedded_touchscreen.jpg\",\"datePublished\":\"2021-06-14T14:04:20+00:00\",\"dateModified\":\"2021-12-03T12:30:22+00:00\",\"description\":\"Elektronik-Entwicklung - passgenau und individuell f\u00fcr Ihr Steuerger\u00e4t. Entwicklung und Fertigung unter einem Dach.\",\"breadcrumb\":{\"@id\":\"https:\/\/21display.com\/en\/tutorials\/digitaler-bilderrahmen\/#breadcrumb\"},\"inLanguage\":\"en-US\",\"potentialAction\":[{\"@type\":\"ReadAction\",\"target\":[\"https:\/\/21display.com\/en\/tutorials\/digitaler-bilderrahmen\/\"]}]},{\"@type\":\"ImageObject\",\"inLanguage\":\"en-US\",\"@id\":\"https:\/\/21display.com\/en\/tutorials\/digitaler-bilderrahmen\/#primaryimage\",\"url\":\"https:\/\/21display.com\/wp-content\/uploads\/2021\/11\/tutorial_embedded_touchscreen.jpg\",\"contentUrl\":\"https:\/\/21display.com\/wp-content\/uploads\/2021\/11\/tutorial_embedded_touchscreen.jpg\"},{\"@type\":\"BreadcrumbList\",\"@id\":\"https:\/\/21display.com\/en\/tutorials\/digitaler-bilderrahmen\/#breadcrumb\",\"itemListElement\":[{\"@type\":\"ListItem\",\"position\":1,\"name\":\"Startseite\",\"item\":\"https:\/\/21display.com\/de\/\"},{\"@type\":\"ListItem\",\"position\":2,\"name\":\"Tutorials\",\"item\":\"https:\/\/21display.com\/de\/tutorials\/\"},{\"@type\":\"ListItem\",\"position\":3,\"name\":\"Digitaler Bilderrahmen\"}]},{\"@type\":\"WebSite\",\"@id\":\"https:\/\/21display.com\/de\/#website\",\"url\":\"https:\/\/21display.com\/de\/\",\"name\":\"21Display\",\"description\":\"powered by EBS-Systart\",\"publisher\":{\"@id\":\"https:\/\/21display.com\/de\/#organization\"},\"potentialAction\":[{\"@type\":\"SearchAction\",\"target\":{\"@type\":\"EntryPoint\",\"urlTemplate\":\"https:\/\/21display.com\/de\/?s={search_term_string}\"},\"query-input\":\"required name=search_term_string\"}],\"inLanguage\":\"en-US\"},{\"@type\":\"Organization\",\"@id\":\"https:\/\/21display.com\/de\/#organization\",\"name\":\"21Display\",\"url\":\"https:\/\/21display.com\/de\/\",\"logo\":{\"@type\":\"ImageObject\",\"inLanguage\":\"en-US\",\"@id\":\"https:\/\/21display.com\/de\/#\/schema\/logo\/image\/\",\"url\":\"https:\/\/21display.com\/wp-content\/uploads\/2021\/03\/IL_Systart_21Display_Logo_20210302.svg\",\"contentUrl\":\"https:\/\/21display.com\/wp-content\/uploads\/2021\/03\/IL_Systart_21Display_Logo_20210302.svg\",\"width\":\"1024\",\"height\":\"1024\",\"caption\":\"21Display\"},\"image\":{\"@id\":\"https:\/\/21display.com\/de\/#\/schema\/logo\/image\/\"}}]}<\/script>\n<!-- \/ Yoast SEO plugin. -->","yoast_head_json":{"title":"Digitaler Bilderrahmen | 21Display","description":"Elektronik-Entwicklung - passgenau und individuell f\u00fcr Ihr Steuerger\u00e4t. Entwicklung und Fertigung unter einem Dach.","robots":{"index":"index","follow":"follow","max-snippet":"max-snippet:-1","max-image-preview":"max-image-preview:large","max-video-preview":"max-video-preview:-1"},"canonical":"https:\/\/21display.com\/en\/tutorials\/digitaler-bilderrahmen\/","og_locale":"en_US","og_type":"article","og_title":"Digitaler Bilderrahmen | 21Display","og_description":"Elektronik-Entwicklung - passgenau und individuell f\u00fcr Ihr Steuerger\u00e4t. Entwicklung und Fertigung unter einem Dach.","og_url":"https:\/\/21display.com\/en\/tutorials\/digitaler-bilderrahmen\/","og_site_name":"21Display","article_modified_time":"2021-12-03T12:30:22+00:00","og_image":[{"url":"https:\/\/21display.com\/wp-content\/uploads\/2021\/11\/tutorial_embedded_touchscreen.jpg"}],"twitter_card":"summary_large_image","twitter_misc":{"Est. reading time":"1 minute"},"schema":{"@context":"https:\/\/schema.org","@graph":[{"@type":"WebPage","@id":"https:\/\/21display.com\/en\/tutorials\/digitaler-bilderrahmen\/","url":"https:\/\/21display.com\/en\/tutorials\/digitaler-bilderrahmen\/","name":"Digitaler Bilderrahmen | 21Display","isPartOf":{"@id":"https:\/\/21display.com\/de\/#website"},"primaryImageOfPage":{"@id":"https:\/\/21display.com\/en\/tutorials\/digitaler-bilderrahmen\/#primaryimage"},"image":{"@id":"https:\/\/21display.com\/en\/tutorials\/digitaler-bilderrahmen\/#primaryimage"},"thumbnailUrl":"https:\/\/21display.com\/wp-content\/uploads\/2021\/11\/tutorial_embedded_touchscreen.jpg","datePublished":"2021-06-14T14:04:20+00:00","dateModified":"2021-12-03T12:30:22+00:00","description":"Elektronik-Entwicklung - passgenau und individuell f\u00fcr Ihr Steuerger\u00e4t. Entwicklung und Fertigung unter einem Dach.","breadcrumb":{"@id":"https:\/\/21display.com\/en\/tutorials\/digitaler-bilderrahmen\/#breadcrumb"},"inLanguage":"en-US","potentialAction":[{"@type":"ReadAction","target":["https:\/\/21display.com\/en\/tutorials\/digitaler-bilderrahmen\/"]}]},{"@type":"ImageObject","inLanguage":"en-US","@id":"https:\/\/21display.com\/en\/tutorials\/digitaler-bilderrahmen\/#primaryimage","url":"https:\/\/21display.com\/wp-content\/uploads\/2021\/11\/tutorial_embedded_touchscreen.jpg","contentUrl":"https:\/\/21display.com\/wp-content\/uploads\/2021\/11\/tutorial_embedded_touchscreen.jpg"},{"@type":"BreadcrumbList","@id":"https:\/\/21display.com\/en\/tutorials\/digitaler-bilderrahmen\/#breadcrumb","itemListElement":[{"@type":"ListItem","position":1,"name":"Startseite","item":"https:\/\/21display.com\/de\/"},{"@type":"ListItem","position":2,"name":"Tutorials","item":"https:\/\/21display.com\/de\/tutorials\/"},{"@type":"ListItem","position":3,"name":"Digitaler Bilderrahmen"}]},{"@type":"WebSite","@id":"https:\/\/21display.com\/de\/#website","url":"https:\/\/21display.com\/de\/","name":"21Display","description":"powered by EBS-Systart","publisher":{"@id":"https:\/\/21display.com\/de\/#organization"},"potentialAction":[{"@type":"SearchAction","target":{"@type":"EntryPoint","urlTemplate":"https:\/\/21display.com\/de\/?s={search_term_string}"},"query-input":"required name=search_term_string"}],"inLanguage":"en-US"},{"@type":"Organization","@id":"https:\/\/21display.com\/de\/#organization","name":"21Display","url":"https:\/\/21display.com\/de\/","logo":{"@type":"ImageObject","inLanguage":"en-US","@id":"https:\/\/21display.com\/de\/#\/schema\/logo\/image\/","url":"https:\/\/21display.com\/wp-content\/uploads\/2021\/03\/IL_Systart_21Display_Logo_20210302.svg","contentUrl":"https:\/\/21display.com\/wp-content\/uploads\/2021\/03\/IL_Systart_21Display_Logo_20210302.svg","width":"1024","height":"1024","caption":"21Display"},"image":{"@id":"https:\/\/21display.com\/de\/#\/schema\/logo\/image\/"}}]}},"_links":{"self":[{"href":"https:\/\/21display.com\/en\/wp-json\/wp\/v2\/pages\/2877"}],"collection":[{"href":"https:\/\/21display.com\/en\/wp-json\/wp\/v2\/pages"}],"about":[{"href":"https:\/\/21display.com\/en\/wp-json\/wp\/v2\/types\/page"}],"author":[{"embeddable":true,"href":"https:\/\/21display.com\/en\/wp-json\/wp\/v2\/users\/1"}],"replies":[{"embeddable":true,"href":"https:\/\/21display.com\/en\/wp-json\/wp\/v2\/comments?post=2877"}],"version-history":[{"count":3,"href":"https:\/\/21display.com\/en\/wp-json\/wp\/v2\/pages\/2877\/revisions"}],"predecessor-version":[{"id":7756,"href":"https:\/\/21display.com\/en\/wp-json\/wp\/v2\/pages\/2877\/revisions\/7756"}],"up":[{"embeddable":true,"href":"https:\/\/21display.com\/en\/wp-json\/wp\/v2\/pages\/2869"}],"wp:attachment":[{"href":"https:\/\/21display.com\/en\/wp-json\/wp\/v2\/media?parent=2877"}],"curies":[{"name":"wp","href":"https:\/\/api.w.org\/{rel}","templated":true}]}}