{"id":2869,"date":"2021-06-14T15:58:46","date_gmt":"2021-06-14T13:58:46","guid":{"rendered":"https:\/\/21display.com\/?page_id=2869"},"modified":"2021-12-03T13:26:50","modified_gmt":"2021-12-03T12:26:50","slug":"tutorials","status":"publish","type":"page","link":"https:\/\/21display.com\/en\/tutorials\/","title":{"rendered":"Tutorials"},"content":{"rendered":"<div data-elementor-type=\"wp-page\" data-elementor-id=\"2869\" class=\"elementor elementor-2869\">\n\t\t\t\t\t\t<section data-particle_enable=\"false\" data-particle-mobile-disabled=\"false\" class=\"elementor-section elementor-top-section elementor-element elementor-element-c775521 elementor-section-boxed elementor-section-height-default elementor-section-height-default\" data-id=\"c775521\" data-element_type=\"section\" data-settings=\"{&quot;background_background&quot;:&quot;classic&quot;}\">\n\t\t\t\t\t\t<div class=\"elementor-container elementor-column-gap-default\">\n\t\t\t\t\t<div class=\"elementor-column elementor-col-100 elementor-top-column elementor-element elementor-element-adf0fd2\" data-id=\"adf0fd2\" data-element_type=\"column\">\n\t\t\t<div class=\"elementor-widget-wrap\">\n\t\t\t\t\t\t\t<\/div>\n\t\t<\/div>\n\t\t\t\t\t<\/div>\n\t\t<\/section>\n\t\t\t\t<section data-particle_enable=\"false\" data-particle-mobile-disabled=\"false\" class=\"elementor-section elementor-top-section elementor-element elementor-element-6d9bd03 elementor-section-boxed elementor-section-height-default elementor-section-height-default\" data-id=\"6d9bd03\" data-element_type=\"section\">\n\t\t\t\t\t\t<div class=\"elementor-container elementor-column-gap-default\">\n\t\t\t\t\t<div class=\"elementor-column elementor-col-100 elementor-top-column elementor-element elementor-element-f2ae975\" data-id=\"f2ae975\" data-element_type=\"column\">\n\t\t\t<div class=\"elementor-widget-wrap elementor-element-populated\">\n\t\t\t\t\t\t<section data-particle_enable=\"false\" data-particle-mobile-disabled=\"false\" class=\"elementor-section elementor-inner-section elementor-element elementor-element-64e0489 elementor-section-boxed elementor-section-height-default elementor-section-height-default\" data-id=\"64e0489\" data-element_type=\"section\">\n\t\t\t\t\t\t<div class=\"elementor-container elementor-column-gap-default\">\n\t\t\t\t\t<div class=\"elementor-column elementor-col-50 elementor-inner-column elementor-element elementor-element-fe9c050\" data-id=\"fe9c050\" data-element_type=\"column\">\n\t\t\t<div class=\"elementor-widget-wrap elementor-element-populated\">\n\t\t\t\t\t\t<div class=\"elementor-element elementor-element-4f7c3e7 elementor-widget elementor-widget-heading\" data-id=\"4f7c3e7\" data-element_type=\"widget\" data-widget_type=\"heading.default\">\n\t\t\t\t<div class=\"elementor-widget-container\">\n\t\t\t\t\t<h1 class=\"elementor-heading-title elementor-size-default\">Tutorials und Source Code<\/h1>\t\t\t\t<\/div>\n\t\t\t\t<\/div>\n\t\t\t\t<div class=\"elementor-element elementor-element-ee45d0a elementor-widget elementor-widget-heading\" data-id=\"ee45d0a\" data-element_type=\"widget\" data-widget_type=\"heading.default\">\n\t\t\t\t<div class=\"elementor-widget-container\">\n\t\t\t\t\t<h4 class=\"elementor-heading-title elementor-size-default\">Get started with programming of displays based on the STM32F429BIT6 microcontroller with our tutorials and source Code examples. The tutorials are written for beginners.<br><p>But also for experts, the programming examples with regard to the initialization of the registers can make switching to the STM32F4 series much easier.<br>Legen Sie los mit unserem \"Getting Started\"-Tutorial. Nach wenigen Minuten haben Sie die IDE (Entwicklungsumgebung) installiert und das dazugeh\u00f6rige Source Code Beispiel in die IDE  importiert. Dann noch den Button \"Build\" und den Button \"Run\" anklicken und das Displaypanel ist zum Leben erweckt.<\/p><\/h4>\t\t\t\t<\/div>\n\t\t\t\t<\/div>\n\t\t\t\t<div class=\"elementor-element elementor-element-d9b392f elementor-align-center elementor-widget__width-initial elementor-widget elementor-widget-button\" data-id=\"d9b392f\" data-element_type=\"widget\" data-widget_type=\"button.default\">\n\t\t\t\t<div class=\"elementor-widget-container\">\n\t\t\t\t\t\t\t\t\t<div class=\"elementor-button-wrapper\">\n\t\t\t\t\t<a class=\"elementor-button elementor-button-link elementor-size-sm\" href=\"https:\/\/21display.com\/en\/tutorials\/getting-started\/\">\n\t\t\t\t\t\t<span class=\"elementor-button-content-wrapper\">\n\t\t\t\t\t\t\t\t\t<span class=\"elementor-button-text\">Getting Started<\/span>\n\t\t\t\t\t<\/span>\n\t\t\t\t\t<\/a>\n\t\t\t\t<\/div>\n\t\t\t\t\t\t\t\t<\/div>\n\t\t\t\t<\/div>\n\t\t\t\t\t<\/div>\n\t\t<\/div>\n\t\t\t\t<div class=\"elementor-column elementor-col-50 elementor-inner-column elementor-element elementor-element-874cc6b\" data-id=\"874cc6b\" data-element_type=\"column\">\n\t\t\t<div class=\"elementor-widget-wrap elementor-element-populated\">\n\t\t\t\t\t\t<div class=\"elementor-element elementor-element-69c19e5 elementor-widget elementor-widget-image\" data-id=\"69c19e5\" data-element_type=\"widget\" data-widget_type=\"image.default\">\n\t\t\t\t<div class=\"elementor-widget-container\">\n\t\t\t\t\t\t\t\t\t\t\t\t\t\t\t<img fetchpriority=\"high\" decoding=\"async\" width=\"507\" height=\"382\" src=\"https:\/\/21display.com\/wp-content\/uploads\/2021\/11\/tutorial_embedded_touchscreen.jpg\" class=\"attachment-large size-large wp-image-7635\" alt=\"Tutorial Embedded Touchscreen\" srcset=\"https:\/\/21display.com\/wp-content\/uploads\/2021\/11\/tutorial_embedded_touchscreen.jpg 507w, https:\/\/21display.com\/wp-content\/uploads\/2021\/11\/tutorial_embedded_touchscreen-300x226.jpg 300w, https:\/\/21display.com\/wp-content\/uploads\/2021\/11\/tutorial_embedded_touchscreen-16x12.jpg 16w\" sizes=\"(max-width: 507px) 100vw, 507px\" \/>\t\t\t\t\t\t\t\t\t\t\t\t\t\t\t<\/div>\n\t\t\t\t<\/div>\n\t\t\t\t\t<\/div>\n\t\t<\/div>\n\t\t\t\t\t<\/div>\n\t\t<\/section>\n\t\t\t\t\t<\/div>\n\t\t<\/div>\n\t\t\t\t\t<\/div>\n\t\t<\/section>\n\t\t\t\t<section data-particle_enable=\"false\" data-particle-mobile-disabled=\"false\" class=\"elementor-section elementor-top-section elementor-element elementor-element-66bb515 elementor-section-boxed elementor-section-height-default elementor-section-height-default\" data-id=\"66bb515\" data-element_type=\"section\" data-settings=\"{&quot;background_background&quot;:&quot;classic&quot;}\">\n\t\t\t\t\t\t<div class=\"elementor-container elementor-column-gap-default\">\n\t\t\t\t\t<div class=\"elementor-column elementor-col-50 elementor-top-column elementor-element elementor-element-795ae52\" data-id=\"795ae52\" data-element_type=\"column\">\n\t\t\t<div class=\"elementor-widget-wrap elementor-element-populated\">\n\t\t\t\t\t\t<div class=\"elementor-element elementor-element-6a01345 elementor-widget elementor-widget-heading\" data-id=\"6a01345\" data-element_type=\"widget\" data-widget_type=\"heading.default\">\n\t\t\t\t<div class=\"elementor-widget-container\">\n\t\t\t\t\t<h1 class=\"elementor-heading-title elementor-size-default\">Become an Expert Tutorials\n<\/h1>\t\t\t\t<\/div>\n\t\t\t\t<\/div>\n\t\t\t\t<div class=\"elementor-element elementor-element-fc2bdd7 elementor-align-center elementor-widget__width-initial elementor-widget elementor-widget-button\" data-id=\"fc2bdd7\" data-element_type=\"widget\" data-widget_type=\"button.default\">\n\t\t\t\t<div class=\"elementor-widget-container\">\n\t\t\t\t\t\t\t\t\t<div class=\"elementor-button-wrapper\">\n\t\t\t\t\t<a class=\"elementor-button elementor-button-link elementor-size-sm\" href=\"https:\/\/21display.com\/en\/tutorials\/pixeln-von-grafiken\/\">\n\t\t\t\t\t\t<span class=\"elementor-button-content-wrapper\">\n\t\t\t\t\t\t\t\t\t<span class=\"elementor-button-text\">Pixels and Graphics<\/span>\n\t\t\t\t\t<\/span>\n\t\t\t\t\t<\/a>\n\t\t\t\t<\/div>\n\t\t\t\t\t\t\t\t<\/div>\n\t\t\t\t<\/div>\n\t\t\t\t<div class=\"elementor-element elementor-element-26b250b elementor-align-center elementor-widget__width-initial elementor-widget elementor-widget-button\" data-id=\"26b250b\" data-element_type=\"widget\" data-widget_type=\"button.default\">\n\t\t\t\t<div class=\"elementor-widget-container\">\n\t\t\t\t\t\t\t\t\t<div class=\"elementor-button-wrapper\">\n\t\t\t\t\t<a class=\"elementor-button elementor-button-link elementor-size-sm\" href=\"https:\/\/21display.com\/en\/tutorials\/touch-events-und-usb\/\">\n\t\t\t\t\t\t<span class=\"elementor-button-content-wrapper\">\n\t\t\t\t\t\t\t\t\t<span class=\"elementor-button-text\">Touch Events and USB<\/span>\n\t\t\t\t\t<\/span>\n\t\t\t\t\t<\/a>\n\t\t\t\t<\/div>\n\t\t\t\t\t\t\t\t<\/div>\n\t\t\t\t<\/div>\n\t\t\t\t<div class=\"elementor-element elementor-element-e08a0e1 elementor-align-center elementor-widget__width-initial elementor-widget elementor-widget-button\" data-id=\"e08a0e1\" data-element_type=\"widget\" data-widget_type=\"button.default\">\n\t\t\t\t<div class=\"elementor-widget-container\">\n\t\t\t\t\t\t\t\t\t<div class=\"elementor-button-wrapper\">\n\t\t\t\t\t<a class=\"elementor-button elementor-button-link elementor-size-sm\" href=\"https:\/\/21display.com\/en\/tutorials\/digitaler-bilderrahmen\/\">\n\t\t\t\t\t\t<span class=\"elementor-button-content-wrapper\">\n\t\t\t\t\t\t\t\t\t<span class=\"elementor-button-text\">Digital Picture Frame<\/span>\n\t\t\t\t\t<\/span>\n\t\t\t\t\t<\/a>\n\t\t\t\t<\/div>\n\t\t\t\t\t\t\t\t<\/div>\n\t\t\t\t<\/div>\n\t\t\t\t<div class=\"elementor-element elementor-element-947e592 elementor-align-center elementor-widget__width-initial elementor-widget elementor-widget-button\" data-id=\"947e592\" data-element_type=\"widget\" data-widget_type=\"button.default\">\n\t\t\t\t<div class=\"elementor-widget-container\">\n\t\t\t\t\t\t\t\t\t<div class=\"elementor-button-wrapper\">\n\t\t\t\t\t<a class=\"elementor-button elementor-button-link elementor-size-sm\" href=\"https:\/\/21display.com\/en\/tutorials\/ethernet-echo-server\/\">\n\t\t\t\t\t\t<span class=\"elementor-button-content-wrapper\">\n\t\t\t\t\t\t\t\t\t<span class=\"elementor-button-text\">Ethernet - Echo Server<\/span>\n\t\t\t\t\t<\/span>\n\t\t\t\t\t<\/a>\n\t\t\t\t<\/div>\n\t\t\t\t\t\t\t\t<\/div>\n\t\t\t\t<\/div>\n\t\t\t\t<div class=\"elementor-element elementor-element-489632b elementor-align-center elementor-widget__width-initial elementor-widget elementor-widget-button\" data-id=\"489632b\" data-element_type=\"widget\" data-widget_type=\"button.default\">\n\t\t\t\t<div class=\"elementor-widget-container\">\n\t\t\t\t\t\t\t\t\t<div class=\"elementor-button-wrapper\">\n\t\t\t\t\t<a class=\"elementor-button elementor-button-link elementor-size-sm\" href=\"https:\/\/21display.com\/en\/tutorials\/wifi-wetterstation\/\">\n\t\t\t\t\t\t<span class=\"elementor-button-content-wrapper\">\n\t\t\t\t\t\t\t\t\t<span class=\"elementor-button-text\">WiFi - Weather Station<\/span>\n\t\t\t\t\t<\/span>\n\t\t\t\t\t<\/a>\n\t\t\t\t<\/div>\n\t\t\t\t\t\t\t\t<\/div>\n\t\t\t\t<\/div>\n\t\t\t\t<div class=\"elementor-element elementor-element-2f7b62b elementor-align-center elementor-widget__width-initial elementor-widget elementor-widget-button\" data-id=\"2f7b62b\" data-element_type=\"widget\" data-widget_type=\"button.default\">\n\t\t\t\t<div class=\"elementor-widget-container\">\n\t\t\t\t\t\t\t\t\t<div class=\"elementor-button-wrapper\">\n\t\t\t\t\t<a class=\"elementor-button elementor-button-link elementor-size-sm\" href=\"https:\/\/21display.com\/en\/tutorials\/ble-string-transfer\/\">\n\t\t\t\t\t\t<span class=\"elementor-button-content-wrapper\">\n\t\t\t\t\t\t\t\t\t<span class=\"elementor-button-text\">BLE - Strings Transferring<\/span>\n\t\t\t\t\t<\/span>\n\t\t\t\t\t<\/a>\n\t\t\t\t<\/div>\n\t\t\t\t\t\t\t\t<\/div>\n\t\t\t\t<\/div>\n\t\t\t\t\t<\/div>\n\t\t<\/div>\n\t\t\t\t<div class=\"elementor-column elementor-col-50 elementor-top-column elementor-element elementor-element-e7b2b43\" data-id=\"e7b2b43\" data-element_type=\"column\">\n\t\t\t<div class=\"elementor-widget-wrap\">\n\t\t\t\t\t\t\t<\/div>\n\t\t<\/div>\n\t\t\t\t\t<\/div>\n\t\t<\/section>\n\t\t\t\t<section data-particle_enable=\"false\" data-particle-mobile-disabled=\"false\" class=\"elementor-section elementor-top-section elementor-element elementor-element-75ec440 elementor-section-boxed elementor-section-height-default elementor-section-height-default\" data-id=\"75ec440\" data-element_type=\"section\" data-settings=\"{&quot;background_background&quot;:&quot;classic&quot;}\">\n\t\t\t\t\t\t<div class=\"elementor-container elementor-column-gap-default\">\n\t\t\t\t\t<div class=\"elementor-column elementor-col-50 elementor-top-column elementor-element elementor-element-b487fb6\" data-id=\"b487fb6\" data-element_type=\"column\">\n\t\t\t<div class=\"elementor-widget-wrap elementor-element-populated\">\n\t\t\t\t\t\t<div class=\"elementor-element elementor-element-3e3aa96 elementor-widget elementor-widget-heading\" data-id=\"3e3aa96\" data-element_type=\"widget\" data-widget_type=\"heading.default\">\n\t\t\t\t<div class=\"elementor-widget-container\">\n\t\t\t\t\t<h4 class=\"elementor-heading-title elementor-size-default\">Contact<\/h4>\t\t\t\t<\/div>\n\t\t\t\t<\/div>\n\t\t\t\t<div class=\"elementor-element elementor-element-5762998 elementor-widget elementor-widget-heading\" data-id=\"5762998\" data-element_type=\"widget\" data-widget_type=\"heading.default\">\n\t\t\t\t<div class=\"elementor-widget-container\">\n\t\t\t\t\t<h1 class=\"elementor-heading-title elementor-size-default\">How Can We Support You?\n<\/h1>\t\t\t\t<\/div>\n\t\t\t\t<\/div>\n\t\t\t\t<div class=\"elementor-element elementor-element-a4c117f elementor-widget elementor-widget-text-editor\" data-id=\"a4c117f\" data-element_type=\"widget\" data-widget_type=\"text-editor.default\">\n\t\t\t\t<div class=\"elementor-widget-container\">\n\t\t\t\t\t\t\t\t\t<p>Sie w\u00fcnschen sich ein ganz spezielles Beispiel oder eine Schulung? Verlieren Sie keine Zeit und nehmen Sie mit uns Kontakt auf unter 08142\/305050.<\/p>\t\t\t\t\t\t\t\t<\/div>\n\t\t\t\t<\/div>\n\t\t\t\t\t<\/div>\n\t\t<\/div>\n\t\t\t\t<div class=\"elementor-column elementor-col-50 elementor-top-column elementor-element elementor-element-115d70c\" data-id=\"115d70c\" data-element_type=\"column\">\n\t\t\t<div class=\"elementor-widget-wrap elementor-element-populated\">\n\t\t\t\t\t\t<div class=\"elementor-element elementor-element-52c9f02 elementor-align-center elementor-widget__width-initial elementor-widget elementor-widget-button\" data-id=\"52c9f02\" data-element_type=\"widget\" data-widget_type=\"button.default\">\n\t\t\t\t<div class=\"elementor-widget-container\">\n\t\t\t\t\t\t\t\t\t<div class=\"elementor-button-wrapper\">\n\t\t\t\t\t<a class=\"elementor-button elementor-button-link elementor-size-sm\" href=\"https:\/\/21display.com\/en\/company\/\">\n\t\t\t\t\t\t<span class=\"elementor-button-content-wrapper\">\n\t\t\t\t\t\t\t\t\t<span class=\"elementor-button-text\">Contact Us<\/span>\n\t\t\t\t\t<\/span>\n\t\t\t\t\t<\/a>\n\t\t\t\t<\/div>\n\t\t\t\t\t\t\t\t<\/div>\n\t\t\t\t<\/div>\n\t\t\t\t\t<\/div>\n\t\t<\/div>\n\t\t\t\t\t<\/div>\n\t\t<\/section>\n\t\t\t\t<\/div>","protected":false},"excerpt":{"rendered":"<p>Tutorials und Source Code Steigen Sie mit unseren Tutorials in die Programmierung von Displays basierend auf dem Mikrocontroller STM32F429BIT6 ein. Die Tutorials sind f\u00fcr Einsteiger geschrieben. Aber auch f\u00fcr Experten k\u00f6nnen die Programmierbeispiele hinsichtlich der Initialisierung der Register den Umstieg in die STM32F4 Serie sehr erleichtern.Legen Sie los mit unserem &#8222;Getting Started&#8220;-Tutorial. Nach wenigen Minuten [&hellip;]<\/p>","protected":false},"author":1,"featured_media":0,"parent":0,"menu_order":0,"comment_status":"closed","ping_status":"closed","template":"","meta":{"inline_featured_image":false,"footnotes":""},"yoast_head":"<!-- This site is optimized with the Yoast SEO plugin v22.7 - https:\/\/yoast.com\/wordpress\/plugins\/seo\/ -->\n<title>Tutorials | 21Display<\/title>\n<meta name=\"description\" content=\"Elektronik-Entwicklung - passgenau und individuell f\u00fcr Ihr Steuerger\u00e4t. Entwicklung und Fertigung unter einem Dach.\" \/>\n<meta name=\"robots\" content=\"index, follow, max-snippet:-1, max-image-preview:large, max-video-preview:-1\" \/>\n<link rel=\"canonical\" href=\"https:\/\/21display.com\/en\/tutorials\/\" \/>\n<meta property=\"og:locale\" content=\"en_US\" \/>\n<meta property=\"og:type\" content=\"article\" \/>\n<meta property=\"og:title\" content=\"Tutorials | 21Display\" \/>\n<meta property=\"og:description\" content=\"Elektronik-Entwicklung - passgenau und individuell f\u00fcr Ihr Steuerger\u00e4t. Entwicklung und Fertigung unter einem Dach.\" \/>\n<meta property=\"og:url\" content=\"https:\/\/21display.com\/en\/tutorials\/\" \/>\n<meta property=\"og:site_name\" content=\"21Display\" \/>\n<meta property=\"article:modified_time\" content=\"2021-12-03T12:26:50+00:00\" \/>\n<meta property=\"og:image\" content=\"https:\/\/21display.com\/wp-content\/uploads\/2021\/11\/tutorial_embedded_touchscreen.jpg\" \/>\n<meta name=\"twitter:card\" content=\"summary_large_image\" \/>\n<meta name=\"twitter:label1\" content=\"Est. reading time\" \/>\n\t<meta name=\"twitter:data1\" content=\"1 minute\" \/>\n<script type=\"application\/ld+json\" class=\"yoast-schema-graph\">{\"@context\":\"https:\/\/schema.org\",\"@graph\":[{\"@type\":\"WebPage\",\"@id\":\"https:\/\/21display.com\/de\/tutorials\/\",\"url\":\"https:\/\/21display.com\/de\/tutorials\/\",\"name\":\"Tutorials | 21Display\",\"isPartOf\":{\"@id\":\"https:\/\/21display.com\/de\/#website\"},\"primaryImageOfPage\":{\"@id\":\"https:\/\/21display.com\/de\/tutorials\/#primaryimage\"},\"image\":{\"@id\":\"https:\/\/21display.com\/de\/tutorials\/#primaryimage\"},\"thumbnailUrl\":\"https:\/\/21display.com\/wp-content\/uploads\/2021\/11\/tutorial_embedded_touchscreen.jpg\",\"datePublished\":\"2021-06-14T13:58:46+00:00\",\"dateModified\":\"2021-12-03T12:26:50+00:00\",\"description\":\"Elektronik-Entwicklung - passgenau und individuell f\u00fcr Ihr Steuerger\u00e4t. Entwicklung und Fertigung unter einem Dach.\",\"breadcrumb\":{\"@id\":\"https:\/\/21display.com\/de\/tutorials\/#breadcrumb\"},\"inLanguage\":\"en-US\",\"potentialAction\":[{\"@type\":\"ReadAction\",\"target\":[\"https:\/\/21display.com\/de\/tutorials\/\"]}]},{\"@type\":\"ImageObject\",\"inLanguage\":\"en-US\",\"@id\":\"https:\/\/21display.com\/de\/tutorials\/#primaryimage\",\"url\":\"https:\/\/21display.com\/wp-content\/uploads\/2021\/11\/tutorial_embedded_touchscreen.jpg\",\"contentUrl\":\"https:\/\/21display.com\/wp-content\/uploads\/2021\/11\/tutorial_embedded_touchscreen.jpg\"},{\"@type\":\"BreadcrumbList\",\"@id\":\"https:\/\/21display.com\/de\/tutorials\/#breadcrumb\",\"itemListElement\":[{\"@type\":\"ListItem\",\"position\":1,\"name\":\"Startseite\",\"item\":\"https:\/\/21display.com\/de\/\"},{\"@type\":\"ListItem\",\"position\":2,\"name\":\"Tutorials\"}]},{\"@type\":\"WebSite\",\"@id\":\"https:\/\/21display.com\/de\/#website\",\"url\":\"https:\/\/21display.com\/de\/\",\"name\":\"21Display\",\"description\":\"powered by EBS-Systart\",\"publisher\":{\"@id\":\"https:\/\/21display.com\/de\/#organization\"},\"potentialAction\":[{\"@type\":\"SearchAction\",\"target\":{\"@type\":\"EntryPoint\",\"urlTemplate\":\"https:\/\/21display.com\/de\/?s={search_term_string}\"},\"query-input\":\"required name=search_term_string\"}],\"inLanguage\":\"en-US\"},{\"@type\":\"Organization\",\"@id\":\"https:\/\/21display.com\/de\/#organization\",\"name\":\"21Display\",\"url\":\"https:\/\/21display.com\/de\/\",\"logo\":{\"@type\":\"ImageObject\",\"inLanguage\":\"en-US\",\"@id\":\"https:\/\/21display.com\/de\/#\/schema\/logo\/image\/\",\"url\":\"https:\/\/21display.com\/wp-content\/uploads\/2021\/03\/IL_Systart_21Display_Logo_20210302.svg\",\"contentUrl\":\"https:\/\/21display.com\/wp-content\/uploads\/2021\/03\/IL_Systart_21Display_Logo_20210302.svg\",\"width\":\"1024\",\"height\":\"1024\",\"caption\":\"21Display\"},\"image\":{\"@id\":\"https:\/\/21display.com\/de\/#\/schema\/logo\/image\/\"}}]}<\/script>\n<!-- \/ Yoast SEO plugin. -->","yoast_head_json":{"title":"Tutorials | 21Display","description":"Elektronik-Entwicklung - passgenau und individuell f\u00fcr Ihr Steuerger\u00e4t. Entwicklung und Fertigung unter einem Dach.","robots":{"index":"index","follow":"follow","max-snippet":"max-snippet:-1","max-image-preview":"max-image-preview:large","max-video-preview":"max-video-preview:-1"},"canonical":"https:\/\/21display.com\/en\/tutorials\/","og_locale":"en_US","og_type":"article","og_title":"Tutorials | 21Display","og_description":"Elektronik-Entwicklung - passgenau und individuell f\u00fcr Ihr Steuerger\u00e4t. Entwicklung und Fertigung unter einem Dach.","og_url":"https:\/\/21display.com\/en\/tutorials\/","og_site_name":"21Display","article_modified_time":"2021-12-03T12:26:50+00:00","og_image":[{"url":"https:\/\/21display.com\/wp-content\/uploads\/2021\/11\/tutorial_embedded_touchscreen.jpg"}],"twitter_card":"summary_large_image","twitter_misc":{"Est. reading time":"1 minute"},"schema":{"@context":"https:\/\/schema.org","@graph":[{"@type":"WebPage","@id":"https:\/\/21display.com\/de\/tutorials\/","url":"https:\/\/21display.com\/de\/tutorials\/","name":"Tutorials | 21Display","isPartOf":{"@id":"https:\/\/21display.com\/de\/#website"},"primaryImageOfPage":{"@id":"https:\/\/21display.com\/de\/tutorials\/#primaryimage"},"image":{"@id":"https:\/\/21display.com\/de\/tutorials\/#primaryimage"},"thumbnailUrl":"https:\/\/21display.com\/wp-content\/uploads\/2021\/11\/tutorial_embedded_touchscreen.jpg","datePublished":"2021-06-14T13:58:46+00:00","dateModified":"2021-12-03T12:26:50+00:00","description":"Elektronik-Entwicklung - passgenau und individuell f\u00fcr Ihr Steuerger\u00e4t. Entwicklung und Fertigung unter einem Dach.","breadcrumb":{"@id":"https:\/\/21display.com\/de\/tutorials\/#breadcrumb"},"inLanguage":"en-US","potentialAction":[{"@type":"ReadAction","target":["https:\/\/21display.com\/de\/tutorials\/"]}]},{"@type":"ImageObject","inLanguage":"en-US","@id":"https:\/\/21display.com\/de\/tutorials\/#primaryimage","url":"https:\/\/21display.com\/wp-content\/uploads\/2021\/11\/tutorial_embedded_touchscreen.jpg","contentUrl":"https:\/\/21display.com\/wp-content\/uploads\/2021\/11\/tutorial_embedded_touchscreen.jpg"},{"@type":"BreadcrumbList","@id":"https:\/\/21display.com\/de\/tutorials\/#breadcrumb","itemListElement":[{"@type":"ListItem","position":1,"name":"Startseite","item":"https:\/\/21display.com\/de\/"},{"@type":"ListItem","position":2,"name":"Tutorials"}]},{"@type":"WebSite","@id":"https:\/\/21display.com\/de\/#website","url":"https:\/\/21display.com\/de\/","name":"21Display","description":"powered by EBS-Systart","publisher":{"@id":"https:\/\/21display.com\/de\/#organization"},"potentialAction":[{"@type":"SearchAction","target":{"@type":"EntryPoint","urlTemplate":"https:\/\/21display.com\/de\/?s={search_term_string}"},"query-input":"required name=search_term_string"}],"inLanguage":"en-US"},{"@type":"Organization","@id":"https:\/\/21display.com\/de\/#organization","name":"21Display","url":"https:\/\/21display.com\/de\/","logo":{"@type":"ImageObject","inLanguage":"en-US","@id":"https:\/\/21display.com\/de\/#\/schema\/logo\/image\/","url":"https:\/\/21display.com\/wp-content\/uploads\/2021\/03\/IL_Systart_21Display_Logo_20210302.svg","contentUrl":"https:\/\/21display.com\/wp-content\/uploads\/2021\/03\/IL_Systart_21Display_Logo_20210302.svg","width":"1024","height":"1024","caption":"21Display"},"image":{"@id":"https:\/\/21display.com\/de\/#\/schema\/logo\/image\/"}}]}},"_links":{"self":[{"href":"https:\/\/21display.com\/en\/wp-json\/wp\/v2\/pages\/2869"}],"collection":[{"href":"https:\/\/21display.com\/en\/wp-json\/wp\/v2\/pages"}],"about":[{"href":"https:\/\/21display.com\/en\/wp-json\/wp\/v2\/types\/page"}],"author":[{"embeddable":true,"href":"https:\/\/21display.com\/en\/wp-json\/wp\/v2\/users\/1"}],"replies":[{"embeddable":true,"href":"https:\/\/21display.com\/en\/wp-json\/wp\/v2\/comments?post=2869"}],"version-history":[{"count":15,"href":"https:\/\/21display.com\/en\/wp-json\/wp\/v2\/pages\/2869\/revisions"}],"predecessor-version":[{"id":7747,"href":"https:\/\/21display.com\/en\/wp-json\/wp\/v2\/pages\/2869\/revisions\/7747"}],"wp:attachment":[{"href":"https:\/\/21display.com\/en\/wp-json\/wp\/v2\/media?parent=2869"}],"curies":[{"name":"wp","href":"https:\/\/api.w.org\/{rel}","templated":true}]}}