{"id":612,"date":"2021-03-03T13:52:52","date_gmt":"2021-03-03T13:52:52","guid":{"rendered":"https:\/\/21display.com\/?page_id=612"},"modified":"2021-12-03T13:51:16","modified_gmt":"2021-12-03T12:51:16","slug":"unternehmen","status":"publish","type":"page","link":"https:\/\/21display.com\/de\/unternehmen\/","title":{"rendered":"Unternehmen"},"content":{"rendered":"\t\t<div data-elementor-type=\"wp-page\" data-elementor-id=\"612\" class=\"elementor elementor-612\">\n\t\t\t\t\t\t<section data-particle_enable=\"false\" data-particle-mobile-disabled=\"false\" class=\"elementor-section elementor-top-section elementor-element elementor-element-8b7f2e5 elementor-section-boxed elementor-section-height-default elementor-section-height-default\" data-id=\"8b7f2e5\" data-element_type=\"section\" data-settings=\"{&quot;background_background&quot;:&quot;classic&quot;}\">\n\t\t\t\t\t\t<div class=\"elementor-container elementor-column-gap-default\">\n\t\t\t\t\t<div class=\"elementor-column elementor-col-100 elementor-top-column elementor-element elementor-element-aae076f\" data-id=\"aae076f\" data-element_type=\"column\">\n\t\t\t<div class=\"elementor-widget-wrap\">\n\t\t\t\t\t\t\t<\/div>\n\t\t<\/div>\n\t\t\t\t\t<\/div>\n\t\t<\/section>\n\t\t\t\t<section data-particle_enable=\"false\" data-particle-mobile-disabled=\"false\" class=\"elementor-section elementor-top-section elementor-element elementor-element-293cd4c elementor-section-boxed elementor-section-height-default elementor-section-height-default\" data-id=\"293cd4c\" data-element_type=\"section\" id=\"ueberuns\">\n\t\t\t\t\t\t<div class=\"elementor-container elementor-column-gap-default\">\n\t\t\t\t\t<div class=\"elementor-column elementor-col-100 elementor-top-column elementor-element elementor-element-6794413\" data-id=\"6794413\" data-element_type=\"column\">\n\t\t\t<div class=\"elementor-widget-wrap elementor-element-populated\">\n\t\t\t\t\t\t<section data-particle_enable=\"false\" data-particle-mobile-disabled=\"false\" class=\"elementor-section elementor-inner-section elementor-element elementor-element-aa010d0 elementor-section-boxed elementor-section-height-default elementor-section-height-default\" data-id=\"aa010d0\" data-element_type=\"section\">\n\t\t\t\t\t\t<div class=\"elementor-container elementor-column-gap-default\">\n\t\t\t\t\t<div class=\"elementor-column elementor-col-50 elementor-inner-column elementor-element elementor-element-e042eb4\" data-id=\"e042eb4\" data-element_type=\"column\">\n\t\t\t<div class=\"elementor-widget-wrap elementor-element-populated\">\n\t\t\t\t\t\t<div class=\"elementor-element elementor-element-07a1820 elementor-widget elementor-widget-heading\" data-id=\"07a1820\" data-element_type=\"widget\" data-widget_type=\"heading.default\">\n\t\t\t\t<div class=\"elementor-widget-container\">\n\t\t\t\t\t<h4 class=\"elementor-heading-title elementor-size-default\">\u00dcber unser Unternehmen<\/h4>\t\t\t\t<\/div>\n\t\t\t\t<\/div>\n\t\t\t\t<div class=\"elementor-element elementor-element-d2d27e6 elementor-widget elementor-widget-text-editor\" data-id=\"d2d27e6\" data-element_type=\"widget\" data-widget_type=\"text-editor.default\">\n\t\t\t\t<div class=\"elementor-widget-container\">\n\t\t\t\t\t\t\t\t\t<p>21Display ist eine Marke der EBS-SYSTART GmbH in Gr\u00f6benzell bei M\u00fcnchen. Die EBS-SYSTART GmbH ist ein nach ISO 9001 zertifiziertes Ingenieurb\u00fcro mit hauseigener Elektronik-Fertigung und wurde 2010 von Michael Bittner gegr\u00fcndet. Wir sind ein schlagkr\u00e4ftiges Team mit 30 Kollegen, das all Ihre Ideen und alle W\u00fcnsche effizient umsetzt.<\/p><p>Unter der Marke 21Display vertreiben wir unser gro\u00dfes Know-How rund um Displays, speziell in der Elektronikentwicklung und Firmwareentwicklung. Unser unschlagbares Time-To-Market aufgrund der hausinternen Fertigung rundet unser Angebot ab.<\/p>\t\t\t\t\t\t\t\t<\/div>\n\t\t\t\t<\/div>\n\t\t\t\t<div class=\"elementor-element elementor-element-82bebc2 elementor-align-center elementor-widget__width-initial elementor-widget elementor-widget-button\" data-id=\"82bebc2\" data-element_type=\"widget\" data-widget_type=\"button.default\">\n\t\t\t\t<div class=\"elementor-widget-container\">\n\t\t\t\t\t\t\t\t\t<div class=\"elementor-button-wrapper\">\n\t\t\t\t\t<a class=\"elementor-button elementor-button-link elementor-size-sm\" href=\"https:\/\/www.ebs-systart.com\/\" target=\"_blank\">\n\t\t\t\t\t\t<span class=\"elementor-button-content-wrapper\">\n\t\t\t\t\t\t\t\t\t<span class=\"elementor-button-text\">Zur EBS-SYSTART GmbH<\/span>\n\t\t\t\t\t<\/span>\n\t\t\t\t\t<\/a>\n\t\t\t\t<\/div>\n\t\t\t\t\t\t\t\t<\/div>\n\t\t\t\t<\/div>\n\t\t\t\t\t<\/div>\n\t\t<\/div>\n\t\t\t\t<div class=\"elementor-column elementor-col-50 elementor-inner-column elementor-element elementor-element-8220591\" data-id=\"8220591\" data-element_type=\"column\">\n\t\t\t<div class=\"elementor-widget-wrap elementor-element-populated\">\n\t\t\t\t\t\t<div class=\"elementor-element elementor-element-ea927a7 elementor-widget elementor-widget-image\" data-id=\"ea927a7\" data-element_type=\"widget\" data-widget_type=\"image.default\">\n\t\t\t\t<div class=\"elementor-widget-container\">\n\t\t\t\t\t\t\t\t\t\t\t\t\t\t\t<img fetchpriority=\"high\" decoding=\"async\" width=\"536\" height=\"402\" src=\"https:\/\/21display.com\/wp-content\/uploads\/2021\/03\/ingenieurbuero_fuer_elektronikentwicklung.png\" class=\"attachment-large size-large wp-image-239\" alt=\"Ingenieurb\u00fcro f\u00fcr kundenspezifische Elektronik-Entwicklung und Elektronik-Fertigung\" srcset=\"https:\/\/21display.com\/wp-content\/uploads\/2021\/03\/ingenieurbuero_fuer_elektronikentwicklung.png 536w, https:\/\/21display.com\/wp-content\/uploads\/2021\/03\/ingenieurbuero_fuer_elektronikentwicklung-300x225.png 300w, https:\/\/21display.com\/wp-content\/uploads\/2021\/03\/ingenieurbuero_fuer_elektronikentwicklung-16x12.png 16w\" sizes=\"(max-width: 536px) 100vw, 536px\" \/>\t\t\t\t\t\t\t\t\t\t\t\t\t\t\t<\/div>\n\t\t\t\t<\/div>\n\t\t\t\t\t<\/div>\n\t\t<\/div>\n\t\t\t\t\t<\/div>\n\t\t<\/section>\n\t\t\t\t\t<\/div>\n\t\t<\/div>\n\t\t\t\t\t<\/div>\n\t\t<\/section>\n\t\t\t\t<section data-particle_enable=\"false\" data-particle-mobile-disabled=\"false\" class=\"elementor-section elementor-top-section elementor-element elementor-element-0fc445b elementor-section-boxed elementor-section-height-default elementor-section-height-default\" data-id=\"0fc445b\" data-element_type=\"section\" data-settings=\"{&quot;background_background&quot;:&quot;classic&quot;}\">\n\t\t\t\t\t\t<div class=\"elementor-container elementor-column-gap-default\">\n\t\t\t\t\t<div class=\"elementor-column elementor-col-100 elementor-top-column elementor-element elementor-element-2e3f5a9\" data-id=\"2e3f5a9\" data-element_type=\"column\">\n\t\t\t<div class=\"elementor-widget-wrap elementor-element-populated\">\n\t\t\t\t\t\t<div class=\"elementor-element elementor-element-a4bf10e sprung elementor-widget elementor-widget-menu-anchor\" data-id=\"a4bf10e\" data-element_type=\"widget\" data-widget_type=\"menu-anchor.default\">\n\t\t\t\t<div class=\"elementor-widget-container\">\n\t\t\t\t\t\t\t<div class=\"elementor-menu-anchor\" id=\"karriere\"><\/div>\n\t\t\t\t\t\t<\/div>\n\t\t\t\t<\/div>\n\t\t\t\t<div class=\"elementor-element elementor-element-c326435 elementor-widget elementor-widget-spacer\" data-id=\"c326435\" data-element_type=\"widget\" data-widget_type=\"spacer.default\">\n\t\t\t\t<div class=\"elementor-widget-container\">\n\t\t\t\t\t\t\t<div class=\"elementor-spacer\">\n\t\t\t<div class=\"elementor-spacer-inner\"><\/div>\n\t\t<\/div>\n\t\t\t\t\t\t<\/div>\n\t\t\t\t<\/div>\n\t\t\t\t\t<\/div>\n\t\t<\/div>\n\t\t\t\t\t<\/div>\n\t\t<\/section>\n\t\t\t\t<section data-particle_enable=\"false\" data-particle-mobile-disabled=\"false\" class=\"elementor-section elementor-top-section elementor-element elementor-element-dfe3829 elementor-section-boxed elementor-section-height-default elementor-section-height-default\" data-id=\"dfe3829\" data-element_type=\"section\" data-settings=\"{&quot;background_background&quot;:&quot;classic&quot;}\">\n\t\t\t\t\t\t<div class=\"elementor-container elementor-column-gap-default\">\n\t\t\t\t\t<div class=\"elementor-column elementor-col-100 elementor-top-column elementor-element elementor-element-5bf925c\" data-id=\"5bf925c\" data-element_type=\"column\">\n\t\t\t<div class=\"elementor-widget-wrap elementor-element-populated\">\n\t\t\t\t\t\t<div class=\"elementor-element elementor-element-30bf5f8 elementor-widget elementor-widget-heading\" data-id=\"30bf5f8\" data-element_type=\"widget\" data-widget_type=\"heading.default\">\n\t\t\t\t<div class=\"elementor-widget-container\">\n\t\t\t\t\t<h4 class=\"elementor-heading-title elementor-size-default\">Karriere<\/h4>\t\t\t\t<\/div>\n\t\t\t\t<\/div>\n\t\t\t\t<div class=\"elementor-element elementor-element-d7f8ea8 elementor-widget elementor-widget-heading\" data-id=\"d7f8ea8\" data-element_type=\"widget\" data-widget_type=\"heading.default\">\n\t\t\t\t<div class=\"elementor-widget-container\">\n\t\t\t\t\t<h1 class=\"elementor-heading-title elementor-size-default\">Elektronik und Technik sind Ihre Leidenschaft? <br>Werden Sie Teil unseres Teams!<\/h1>\t\t\t\t<\/div>\n\t\t\t\t<\/div>\n\t\t\t\t<div class=\"elementor-element elementor-element-f33c013 elementor-align-center elementor-widget__width-initial elementor-widget elementor-widget-button\" data-id=\"f33c013\" data-element_type=\"widget\" data-widget_type=\"button.default\">\n\t\t\t\t<div class=\"elementor-widget-container\">\n\t\t\t\t\t\t\t\t\t<div class=\"elementor-button-wrapper\">\n\t\t\t\t\t<a class=\"elementor-button elementor-button-link elementor-size-sm\" href=\"https:\/\/www.ebs-systart.com\/karriere\" target=\"_blank\">\n\t\t\t\t\t\t<span class=\"elementor-button-content-wrapper\">\n\t\t\t\t\t\t\t\t\t<span class=\"elementor-button-text\">Zu den Stellenangeboten <\/span>\n\t\t\t\t\t<\/span>\n\t\t\t\t\t<\/a>\n\t\t\t\t<\/div>\n\t\t\t\t\t\t\t\t<\/div>\n\t\t\t\t<\/div>\n\t\t\t\t\t<\/div>\n\t\t<\/div>\n\t\t\t\t\t<\/div>\n\t\t<\/section>\n\t\t\t\t<section data-particle_enable=\"false\" data-particle-mobile-disabled=\"false\" class=\"elementor-section elementor-top-section elementor-element elementor-element-f8b9c99 elementor-section-boxed elementor-section-height-default elementor-section-height-default\" data-id=\"f8b9c99\" data-element_type=\"section\" data-settings=\"{&quot;background_background&quot;:&quot;classic&quot;}\">\n\t\t\t\t\t\t<div class=\"elementor-container elementor-column-gap-default\">\n\t\t\t\t\t<div class=\"elementor-column elementor-col-100 elementor-top-column elementor-element elementor-element-3034e04\" data-id=\"3034e04\" data-element_type=\"column\">\n\t\t\t<div class=\"elementor-widget-wrap elementor-element-populated\">\n\t\t\t\t\t\t<div class=\"elementor-element elementor-element-69fcdf0 sprung elementor-widget elementor-widget-menu-anchor\" data-id=\"69fcdf0\" data-element_type=\"widget\" data-widget_type=\"menu-anchor.default\">\n\t\t\t\t<div class=\"elementor-widget-container\">\n\t\t\t\t\t\t\t<div class=\"elementor-menu-anchor\" id=\"kontakt\"><\/div>\n\t\t\t\t\t\t<\/div>\n\t\t\t\t<\/div>\n\t\t\t\t<div class=\"elementor-element elementor-element-5282b12 elementor-widget elementor-widget-spacer\" data-id=\"5282b12\" data-element_type=\"widget\" data-widget_type=\"spacer.default\">\n\t\t\t\t<div class=\"elementor-widget-container\">\n\t\t\t\t\t\t\t<div class=\"elementor-spacer\">\n\t\t\t<div class=\"elementor-spacer-inner\"><\/div>\n\t\t<\/div>\n\t\t\t\t\t\t<\/div>\n\t\t\t\t<\/div>\n\t\t\t\t\t<\/div>\n\t\t<\/div>\n\t\t\t\t\t<\/div>\n\t\t<\/section>\n\t\t\t\t<section data-particle_enable=\"false\" data-particle-mobile-disabled=\"false\" class=\"elementor-section elementor-top-section elementor-element elementor-element-4e21040 elementor-section-boxed elementor-section-height-default elementor-section-height-default\" data-id=\"4e21040\" data-element_type=\"section\" data-settings=\"{&quot;background_background&quot;:&quot;classic&quot;}\">\n\t\t\t\t\t\t<div class=\"elementor-container elementor-column-gap-default\">\n\t\t\t\t\t<div class=\"elementor-column elementor-col-50 elementor-top-column elementor-element elementor-element-e7226e9\" data-id=\"e7226e9\" data-element_type=\"column\">\n\t\t\t<div class=\"elementor-widget-wrap elementor-element-populated\">\n\t\t\t\t\t\t<div class=\"elementor-element elementor-element-9877bef elementor-widget elementor-widget-heading\" data-id=\"9877bef\" data-element_type=\"widget\" data-widget_type=\"heading.default\">\n\t\t\t\t<div class=\"elementor-widget-container\">\n\t\t\t\t\t<h4 class=\"elementor-heading-title elementor-size-default\">Kontakt<\/h4>\t\t\t\t<\/div>\n\t\t\t\t<\/div>\n\t\t\t\t<div class=\"elementor-element elementor-element-d9dd606 elementor-widget elementor-widget-heading\" data-id=\"d9dd606\" data-element_type=\"widget\" data-widget_type=\"heading.default\">\n\t\t\t\t<div class=\"elementor-widget-container\">\n\t\t\t\t\t<h1 class=\"elementor-heading-title elementor-size-default\">Welcher Wunsch liegt Ihnen am Herzen?<\/h1>\t\t\t\t<\/div>\n\t\t\t\t<\/div>\n\t\t\t\t<div class=\"elementor-element elementor-element-c55994d elementor-widget elementor-widget-text-editor\" data-id=\"c55994d\" data-element_type=\"widget\" data-widget_type=\"text-editor.default\">\n\t\t\t\t<div class=\"elementor-widget-container\">\n\t\t\t\t\t\t\t\t\tBet\u00fcckungsvarianten, Schaltungsanpassungen, Layoutanpassungen, Source Code Beispiele und Schulungen \u2013 alles kein Problem f\u00fcr uns!<br><br>\n\nKontaktieren Sie uns unter 08142\/305050.<br>Auch Ihr Anschreiben wird umgehend bearbeitet.\t\t\t\t\t\t\t\t<\/div>\n\t\t\t\t<\/div>\n\t\t\t\t\t<\/div>\n\t\t<\/div>\n\t\t\t\t<div class=\"elementor-column elementor-col-50 elementor-top-column elementor-element elementor-element-3029086\" data-id=\"3029086\" data-element_type=\"column\">\n\t\t\t<div class=\"elementor-widget-wrap elementor-element-populated\">\n\t\t\t\t\t\t<div class=\"elementor-element elementor-element-00e7594 eael-wpforms-labels-yes eael-wpforms-form-button-custom elementor-widget elementor-widget-eael-wpforms\" data-id=\"00e7594\" data-element_type=\"widget\" data-widget_type=\"eael-wpforms.default\">\n\t\t\t\t<div class=\"elementor-widget-container\">\n\t\t\t\t\t            <div class=\"eael-contact-form eael-wpforms eael-custom-radio-checkbox eael-wpforms-align-default\">\n                                <div class=\"wpforms-container wpforms-container-full\" id=\"wpforms-806\"><form id=\"wpforms-form-806\" class=\"wpforms-validate wpforms-form\" data-formid=\"806\" method=\"post\" enctype=\"multipart\/form-data\" action=\"\/de\/wp-json\/wp\/v2\/pages\/612\" data-token=\"c8a7b7c552133ebcdcf30dd144876811\"><noscript class=\"wpforms-error-noscript\">Bitte aktivieren Sie JavaScript in Ihrem Browser, um dieses Formular fertigzustellen.<\/noscript><div class=\"wpforms-field-container\"><div id=\"wpforms-806-field_0-container\" class=\"wpforms-field wpforms-field-name wpforms-one-half wpforms-first\" data-field-id=\"0\"><label class=\"wpforms-field-label\" for=\"wpforms-806-field_0\">Name <span class=\"wpforms-required-label\">*<\/span><\/label><input type=\"text\" id=\"wpforms-806-field_0\" class=\"wpforms-field-medium wpforms-field-required\" name=\"wpforms[fields][0]\" required><\/div><div id=\"wpforms-806-field_3-container\" class=\"wpforms-field wpforms-field-text wpforms-one-half\" data-field-id=\"3\"><label class=\"wpforms-field-label\" for=\"wpforms-806-field_3\">Firma <span class=\"wpforms-required-label\">*<\/span><\/label><input type=\"text\" id=\"wpforms-806-field_3\" class=\"wpforms-field-medium wpforms-field-required\" name=\"wpforms[fields][3]\" required><\/div><div id=\"wpforms-806-field_1-container\" class=\"wpforms-field wpforms-field-email wpforms-one-half wpforms-first\" data-field-id=\"1\"><label class=\"wpforms-field-label\" for=\"wpforms-806-field_1\">Email <span class=\"wpforms-required-label\">*<\/span><\/label><input type=\"email\" id=\"wpforms-806-field_1\" class=\"wpforms-field-medium wpforms-field-required\" name=\"wpforms[fields][1]\" spellcheck=\"false\" required><\/div><div id=\"wpforms-806-field_4-container\" class=\"wpforms-field wpforms-field-phone wpforms-one-half\" data-field-id=\"4\"><label class=\"wpforms-field-label\" for=\"wpforms-806-field_4\">Telefonnummer<\/label><input type=\"tel\" id=\"wpforms-806-field_4\" class=\"wpforms-field-medium\" data-rule-int-phone-field=\"true\" name=\"wpforms[fields][4]\" ><\/div><div id=\"wpforms-806-field_2-container\" class=\"wpforms-field wpforms-field-textarea\" data-field-id=\"2\"><label class=\"wpforms-field-label\" for=\"wpforms-806-field_2\">Nachricht <span class=\"wpforms-required-label\">*<\/span><\/label><textarea id=\"wpforms-806-field_2\" class=\"wpforms-field-medium wpforms-field-required\" name=\"wpforms[fields][2]\" required><\/textarea><\/div><div id=\"wpforms-806-field_5-container\" class=\"wpforms-field wpforms-field-checkbox\" data-field-id=\"5\"><label class=\"wpforms-field-label\" for=\"wpforms-806-field_5\">Datenschutzerkl\u00e4rung <span class=\"wpforms-required-label\">*<\/span><\/label><ul id=\"wpforms-806-field_5\" class=\"wpforms-field-required\"><li class=\"choice-1 depth-1\"><input type=\"checkbox\" id=\"wpforms-806-field_5_1\" name=\"wpforms[fields][5][]\" value=\"Ich habe die &lt;a href=&quot;\/datenschutz&quot;&gt;Datenschutzerkl\u00e4rung&lt;\/a&gt; gelesen und bin mit dem verantwortungsvollen Umgang meiner Daten einverstanden. \" required ><label class=\"wpforms-field-label-inline\" for=\"wpforms-806-field_5_1\">Ich habe die <a href=\"\/datenschutz\">Datenschutzerkl\u00e4rung<\/a> gelesen und bin mit dem verantwortungsvollen Umgang meiner Daten einverstanden.<\/label><\/li><\/ul><\/div><\/div><!-- .wpforms-field-container --><div class=\"wpforms-submit-container\" ><input type=\"hidden\" name=\"wpforms[id]\" value=\"806\"><input type=\"hidden\" name=\"wpforms[author]\" value=\"1\"><button type=\"submit\" name=\"wpforms[submit]\" id=\"wpforms-submit-806\" class=\"wpforms-submit\" data-alt-text=\"Anfrage wird verschickt...\" data-submit-text=\"Absenden\" aria-live=\"assertive\" value=\"wpforms-submit\">Absenden<\/button><\/div><\/form><\/div>  <!-- .wpforms-container -->            <\/div>\n\t\t\t\t<\/div>\n\t\t\t\t<\/div>\n\t\t\t\t\t<\/div>\n\t\t<\/div>\n\t\t\t\t\t<\/div>\n\t\t<\/section>\n\t\t\t\t<\/div>\n\t\t","protected":false},"excerpt":{"rendered":"<p>\u00dcber unser Unternehmen 21Display ist eine Marke der EBS-SYSTART GmbH in Gr\u00f6benzell bei M\u00fcnchen. Die EBS-SYSTART GmbH ist ein nach ISO 9001 zertifiziertes Ingenieurb\u00fcro mit hauseigener Elektronik-Fertigung und wurde 2010 von Michael Bittner gegr\u00fcndet. Wir sind ein schlagkr\u00e4ftiges Team mit 30 Kollegen, das all Ihre Ideen und alle W\u00fcnsche effizient umsetzt. Unter der Marke 21Display [&hellip;]<\/p>\n","protected":false},"author":1,"featured_media":0,"parent":0,"menu_order":0,"comment_status":"closed","ping_status":"closed","template":"","meta":{"inline_featured_image":false,"footnotes":""},"yoast_head":"<!-- This site is optimized with the Yoast SEO plugin v22.7 - https:\/\/yoast.com\/wordpress\/plugins\/seo\/ -->\n<title>Unternehmen | 21Display<\/title>\n<meta name=\"description\" content=\"Elektronik-Entwicklung - passgenau und individuell f\u00fcr Ihr Steuerger\u00e4t. Entwicklung und Fertigung unter einem Dach.\" \/>\n<meta name=\"robots\" content=\"index, follow, max-snippet:-1, max-image-preview:large, max-video-preview:-1\" \/>\n<link rel=\"canonical\" href=\"https:\/\/21display.com\/de\/unternehmen\/\" \/>\n<meta property=\"og:locale\" content=\"de_DE\" \/>\n<meta property=\"og:type\" content=\"article\" \/>\n<meta property=\"og:title\" content=\"Unternehmen | 21Display\" \/>\n<meta property=\"og:description\" content=\"Elektronik-Entwicklung - passgenau und individuell f\u00fcr Ihr Steuerger\u00e4t. Entwicklung und Fertigung unter einem Dach.\" \/>\n<meta property=\"og:url\" content=\"https:\/\/21display.com\/de\/unternehmen\/\" \/>\n<meta property=\"og:site_name\" content=\"21Display\" \/>\n<meta property=\"article:modified_time\" content=\"2021-12-03T12:51:16+00:00\" \/>\n<meta property=\"og:image\" content=\"https:\/\/21display.com\/wp-content\/uploads\/2021\/03\/ingenieurbuero_fuer_elektronikentwicklung.png\" \/>\n<meta name=\"twitter:card\" content=\"summary_large_image\" \/>\n<meta name=\"twitter:label1\" content=\"Gesch\u00e4tzte Lesezeit\" \/>\n\t<meta name=\"twitter:data1\" content=\"1\u00a0Minute\" \/>\n<script type=\"application\/ld+json\" class=\"yoast-schema-graph\">{\"@context\":\"https:\/\/schema.org\",\"@graph\":[{\"@type\":\"WebPage\",\"@id\":\"https:\/\/21display.com\/de\/unternehmen\/\",\"url\":\"https:\/\/21display.com\/de\/unternehmen\/\",\"name\":\"Unternehmen | 21Display\",\"isPartOf\":{\"@id\":\"https:\/\/21display.com\/de\/#website\"},\"primaryImageOfPage\":{\"@id\":\"https:\/\/21display.com\/de\/unternehmen\/#primaryimage\"},\"image\":{\"@id\":\"https:\/\/21display.com\/de\/unternehmen\/#primaryimage\"},\"thumbnailUrl\":\"https:\/\/21display.com\/wp-content\/uploads\/2021\/03\/ingenieurbuero_fuer_elektronikentwicklung.png\",\"datePublished\":\"2021-03-03T13:52:52+00:00\",\"dateModified\":\"2021-12-03T12:51:16+00:00\",\"description\":\"Elektronik-Entwicklung - passgenau und individuell f\u00fcr Ihr Steuerger\u00e4t. Entwicklung und Fertigung unter einem Dach.\",\"breadcrumb\":{\"@id\":\"https:\/\/21display.com\/de\/unternehmen\/#breadcrumb\"},\"inLanguage\":\"de\",\"potentialAction\":[{\"@type\":\"ReadAction\",\"target\":[\"https:\/\/21display.com\/de\/unternehmen\/\"]}]},{\"@type\":\"ImageObject\",\"inLanguage\":\"de\",\"@id\":\"https:\/\/21display.com\/de\/unternehmen\/#primaryimage\",\"url\":\"https:\/\/21display.com\/wp-content\/uploads\/2021\/03\/ingenieurbuero_fuer_elektronikentwicklung.png\",\"contentUrl\":\"https:\/\/21display.com\/wp-content\/uploads\/2021\/03\/ingenieurbuero_fuer_elektronikentwicklung.png\"},{\"@type\":\"BreadcrumbList\",\"@id\":\"https:\/\/21display.com\/de\/unternehmen\/#breadcrumb\",\"itemListElement\":[{\"@type\":\"ListItem\",\"position\":1,\"name\":\"Startseite\",\"item\":\"https:\/\/21display.com\/de\/\"},{\"@type\":\"ListItem\",\"position\":2,\"name\":\"Unternehmen\"}]},{\"@type\":\"WebSite\",\"@id\":\"https:\/\/21display.com\/de\/#website\",\"url\":\"https:\/\/21display.com\/de\/\",\"name\":\"21Display\",\"description\":\"powered by EBS-Systart\",\"publisher\":{\"@id\":\"https:\/\/21display.com\/de\/#organization\"},\"potentialAction\":[{\"@type\":\"SearchAction\",\"target\":{\"@type\":\"EntryPoint\",\"urlTemplate\":\"https:\/\/21display.com\/de\/?s={search_term_string}\"},\"query-input\":\"required name=search_term_string\"}],\"inLanguage\":\"de\"},{\"@type\":\"Organization\",\"@id\":\"https:\/\/21display.com\/de\/#organization\",\"name\":\"21Display\",\"url\":\"https:\/\/21display.com\/de\/\",\"logo\":{\"@type\":\"ImageObject\",\"inLanguage\":\"de\",\"@id\":\"https:\/\/21display.com\/de\/#\/schema\/logo\/image\/\",\"url\":\"https:\/\/21display.com\/wp-content\/uploads\/2021\/03\/IL_Systart_21Display_Logo_20210302.svg\",\"contentUrl\":\"https:\/\/21display.com\/wp-content\/uploads\/2021\/03\/IL_Systart_21Display_Logo_20210302.svg\",\"width\":\"1024\",\"height\":\"1024\",\"caption\":\"21Display\"},\"image\":{\"@id\":\"https:\/\/21display.com\/de\/#\/schema\/logo\/image\/\"}}]}<\/script>\n<!-- \/ Yoast SEO plugin. -->","yoast_head_json":{"title":"Unternehmen | 21Display","description":"Elektronik-Entwicklung - passgenau und individuell f\u00fcr Ihr Steuerger\u00e4t. Entwicklung und Fertigung unter einem Dach.","robots":{"index":"index","follow":"follow","max-snippet":"max-snippet:-1","max-image-preview":"max-image-preview:large","max-video-preview":"max-video-preview:-1"},"canonical":"https:\/\/21display.com\/de\/unternehmen\/","og_locale":"de_DE","og_type":"article","og_title":"Unternehmen | 21Display","og_description":"Elektronik-Entwicklung - passgenau und individuell f\u00fcr Ihr Steuerger\u00e4t. Entwicklung und Fertigung unter einem Dach.","og_url":"https:\/\/21display.com\/de\/unternehmen\/","og_site_name":"21Display","article_modified_time":"2021-12-03T12:51:16+00:00","og_image":[{"url":"https:\/\/21display.com\/wp-content\/uploads\/2021\/03\/ingenieurbuero_fuer_elektronikentwicklung.png"}],"twitter_card":"summary_large_image","twitter_misc":{"Gesch\u00e4tzte Lesezeit":"1\u00a0Minute"},"schema":{"@context":"https:\/\/schema.org","@graph":[{"@type":"WebPage","@id":"https:\/\/21display.com\/de\/unternehmen\/","url":"https:\/\/21display.com\/de\/unternehmen\/","name":"Unternehmen | 21Display","isPartOf":{"@id":"https:\/\/21display.com\/de\/#website"},"primaryImageOfPage":{"@id":"https:\/\/21display.com\/de\/unternehmen\/#primaryimage"},"image":{"@id":"https:\/\/21display.com\/de\/unternehmen\/#primaryimage"},"thumbnailUrl":"https:\/\/21display.com\/wp-content\/uploads\/2021\/03\/ingenieurbuero_fuer_elektronikentwicklung.png","datePublished":"2021-03-03T13:52:52+00:00","dateModified":"2021-12-03T12:51:16+00:00","description":"Elektronik-Entwicklung - passgenau und individuell f\u00fcr Ihr Steuerger\u00e4t. Entwicklung und Fertigung unter einem Dach.","breadcrumb":{"@id":"https:\/\/21display.com\/de\/unternehmen\/#breadcrumb"},"inLanguage":"de","potentialAction":[{"@type":"ReadAction","target":["https:\/\/21display.com\/de\/unternehmen\/"]}]},{"@type":"ImageObject","inLanguage":"de","@id":"https:\/\/21display.com\/de\/unternehmen\/#primaryimage","url":"https:\/\/21display.com\/wp-content\/uploads\/2021\/03\/ingenieurbuero_fuer_elektronikentwicklung.png","contentUrl":"https:\/\/21display.com\/wp-content\/uploads\/2021\/03\/ingenieurbuero_fuer_elektronikentwicklung.png"},{"@type":"BreadcrumbList","@id":"https:\/\/21display.com\/de\/unternehmen\/#breadcrumb","itemListElement":[{"@type":"ListItem","position":1,"name":"Startseite","item":"https:\/\/21display.com\/de\/"},{"@type":"ListItem","position":2,"name":"Unternehmen"}]},{"@type":"WebSite","@id":"https:\/\/21display.com\/de\/#website","url":"https:\/\/21display.com\/de\/","name":"21Display","description":"powered by EBS-Systart","publisher":{"@id":"https:\/\/21display.com\/de\/#organization"},"potentialAction":[{"@type":"SearchAction","target":{"@type":"EntryPoint","urlTemplate":"https:\/\/21display.com\/de\/?s={search_term_string}"},"query-input":"required name=search_term_string"}],"inLanguage":"de"},{"@type":"Organization","@id":"https:\/\/21display.com\/de\/#organization","name":"21Display","url":"https:\/\/21display.com\/de\/","logo":{"@type":"ImageObject","inLanguage":"de","@id":"https:\/\/21display.com\/de\/#\/schema\/logo\/image\/","url":"https:\/\/21display.com\/wp-content\/uploads\/2021\/03\/IL_Systart_21Display_Logo_20210302.svg","contentUrl":"https:\/\/21display.com\/wp-content\/uploads\/2021\/03\/IL_Systart_21Display_Logo_20210302.svg","width":"1024","height":"1024","caption":"21Display"},"image":{"@id":"https:\/\/21display.com\/de\/#\/schema\/logo\/image\/"}}]}},"_links":{"self":[{"href":"https:\/\/21display.com\/de\/wp-json\/wp\/v2\/pages\/612"}],"collection":[{"href":"https:\/\/21display.com\/de\/wp-json\/wp\/v2\/pages"}],"about":[{"href":"https:\/\/21display.com\/de\/wp-json\/wp\/v2\/types\/page"}],"author":[{"embeddable":true,"href":"https:\/\/21display.com\/de\/wp-json\/wp\/v2\/users\/1"}],"replies":[{"embeddable":true,"href":"https:\/\/21display.com\/de\/wp-json\/wp\/v2\/comments?post=612"}],"version-history":[{"count":6,"href":"https:\/\/21display.com\/de\/wp-json\/wp\/v2\/pages\/612\/revisions"}],"predecessor-version":[{"id":7782,"href":"https:\/\/21display.com\/de\/wp-json\/wp\/v2\/pages\/612\/revisions\/7782"}],"wp:attachment":[{"href":"https:\/\/21display.com\/de\/wp-json\/wp\/v2\/media?parent=612"}],"curies":[{"name":"wp","href":"https:\/\/api.w.org\/{rel}","templated":true}]}}